{"id":3317,"date":"2025-03-03T12:19:53","date_gmt":"2025-03-03T09:19:53","guid":{"rendered":"https:\/\/inspital.com\/?post_type=product&#038;p=3317"},"modified":"2026-04-10T13:56:53","modified_gmt":"2026-04-10T10:56:53","slug":"pur-fuss-handgelenkspolster-ot60-43","status":"publish","type":"product","link":"https:\/\/inspital.com\/de\/produkt\/pur-fuss-handgelenkspolster-ot6043\/","title":{"rendered":"PUR Fu\u00df- \/ Handgelenkspolster OT60.43"},"content":{"rendered":"","protected":false},"excerpt":{"rendered":"<div class=\"detail\">\n<div class=\"cnt\">\n<div class=\"detail\">\n<div class=\"cnt\">\n<div class=\"detail\">\n<div class=\"cnt\">\n<div class=\"detail\">\n<div class=\"cnt\">\n<p>Dekubitusprophylaxe w\u00e4hrend der OP<\/p>\n<p>Vielseitige Lagerungshilfen f\u00fcr eine fachgem\u00e4\u00dfe Positionierung von Patienten im Operationssaal um Druckbelastungen zu mindern.<\/p>\n<\/div>\n<\/div>\n<\/div>\n<\/div>\n<\/div>\n<\/div>\n<\/div>\n<\/div>\n","protected":false},"featured_media":3319,"template":"","meta":{"_acf_changed":false},"product_brand":[],"product_cat":[33,330,256,476,641,252,321,662,211,300,298,658,254,248,332,244,209,650,318,213,637],"product_tag":[],"class_list":{"0":"post-3317","1":"product","2":"type-product","3":"status-publish","4":"has-post-thumbnail","6":"product_cat-op-tisch","7":"product_cat-aufbau-op-tisch","8":"product_cat-beinhalter-op-tisch","9":"product_cat-firmen-fuer-medizintechnik","10":"product_cat-krankenhaus-op-tisch","11":"product_cat-lagerung-op-tisch","12":"product_cat-lagerung-operationstisch","13":"product_cat-lagerungshilfen-op-tisch","14":"product_cat-mobiler-operationstisch","15":"product_cat-op-tisch-kaufen","16":"product_cat-op-tisch-systeme","17":"product_cat-op-tisch-hersteller","18":"product_cat-op-tisch-instrumente","19":"product_cat-op-tisch-polster","20":"product_cat-op-tisch-vorbereiten","21":"product_cat-op-tisch-zubehoer","22":"product_cat-operationstisch","23":"product_cat-operationstisch-bilder","24":"product_cat-operationstisch-kaufen","25":"product_cat-operationstisch-zubehoer","26":"product_cat-patient-op-tisch","28":"first","29":"instock","30":"taxable","31":"shipping-taxable","32":"purchasable","33":"product-type-simple"},"acf":{"seo_title_01":"","seo_text_01":""},"_links":{"self":[{"href":"https:\/\/inspital.com\/de\/wp-json\/wp\/v2\/product\/3317","targetHints":{"allow":["GET"]}}],"collection":[{"href":"https:\/\/inspital.com\/de\/wp-json\/wp\/v2\/product"}],"about":[{"href":"https:\/\/inspital.com\/de\/wp-json\/wp\/v2\/types\/product"}],"version-history":[{"count":2,"href":"https:\/\/inspital.com\/de\/wp-json\/wp\/v2\/product\/3317\/revisions"}],"predecessor-version":[{"id":13192,"href":"https:\/\/inspital.com\/de\/wp-json\/wp\/v2\/product\/3317\/revisions\/13192"}],"wp:featuredmedia":[{"embeddable":true,"href":"https:\/\/inspital.com\/de\/wp-json\/wp\/v2\/media\/3319"}],"wp:attachment":[{"href":"https:\/\/inspital.com\/de\/wp-json\/wp\/v2\/media?parent=3317"}],"wp:term":[{"taxonomy":"product_brand","embeddable":true,"href":"https:\/\/inspital.com\/de\/wp-json\/wp\/v2\/product_brand?post=3317"},{"taxonomy":"product_cat","embeddable":true,"href":"https:\/\/inspital.com\/de\/wp-json\/wp\/v2\/product_cat?post=3317"},{"taxonomy":"product_tag","embeddable":true,"href":"https:\/\/inspital.com\/de\/wp-json\/wp\/v2\/product_tag?post=3317"}],"curies":[{"name":"wp","href":"https:\/\/api.w.org\/{rel}","templated":true}]}}