{"id":3311,"date":"2025-03-03T12:17:41","date_gmt":"2025-03-03T09:17:41","guid":{"rendered":"https:\/\/inspital.com\/?post_type=product&#038;p=3311"},"modified":"2026-03-25T12:52:24","modified_gmt":"2026-03-25T09:52:24","slug":"gel-fersenpolster-ot60-59","status":"publish","type":"product","link":"https:\/\/inspital.com\/de\/produkt\/gel-fersenpolster-ot6059\/","title":{"rendered":"Gel Fersenpolster OT60.59"},"content":{"rendered":"","protected":false},"excerpt":{"rendered":"<div class=\"detail\">\n<div class=\"cnt\">\n<div class=\"detail\">\n<div class=\"cnt\">\n<div class=\"detail\">\n<div class=\"cnt\">\n<div class=\"detail\">\n<div class=\"cnt\">\n<p>Dekubitusprophylaxe w\u00e4hrend der OP<\/p>\n<p>Vielseitige Lagerungshilfen f\u00fcr eine fachgem\u00e4\u00dfe Positionierung von Patienten im Operationssaal um Druckbelastungen zu mindern.<\/p>\n<\/div>\n<\/div>\n<\/div>\n<\/div>\n<\/div>\n<\/div>\n<\/div>\n<\/div>\n","protected":false},"featured_media":3312,"template":"","meta":{"_acf_changed":false},"product_brand":[],"product_cat":[209,330,256,476,324,326,641,252,321,211,300,298,33,254,248,332,244,650,318,213,637],"product_tag":[],"class_list":{"0":"post-3311","1":"product","2":"type-product","3":"status-publish","4":"has-post-thumbnail","6":"product_cat-operationstisch","7":"product_cat-aufbau-op-tisch","8":"product_cat-beinhalter-op-tisch","9":"product_cat-firmen-fuer-medizintechnik","10":"product_cat-gel-pads","11":"product_cat-gelkissen","12":"product_cat-krankenhaus-op-tisch","13":"product_cat-lagerung-op-tisch","14":"product_cat-lagerung-operationstisch","15":"product_cat-mobiler-operationstisch","16":"product_cat-op-tisch-kaufen","17":"product_cat-op-tisch-systeme","18":"product_cat-op-tisch","19":"product_cat-op-tisch-instrumente","20":"product_cat-op-tisch-polster","21":"product_cat-op-tisch-vorbereiten","22":"product_cat-op-tisch-zubehoer","23":"product_cat-operationstisch-bilder","24":"product_cat-operationstisch-kaufen","25":"product_cat-operationstisch-zubehoer","26":"product_cat-patient-op-tisch","28":"first","29":"instock","30":"taxable","31":"shipping-taxable","32":"purchasable","33":"product-type-simple"},"acf":{"seo_title_01":"","seo_text_01":""},"_links":{"self":[{"href":"https:\/\/inspital.com\/de\/wp-json\/wp\/v2\/product\/3311","targetHints":{"allow":["GET"]}}],"collection":[{"href":"https:\/\/inspital.com\/de\/wp-json\/wp\/v2\/product"}],"about":[{"href":"https:\/\/inspital.com\/de\/wp-json\/wp\/v2\/types\/product"}],"version-history":[{"count":2,"href":"https:\/\/inspital.com\/de\/wp-json\/wp\/v2\/product\/3311\/revisions"}],"predecessor-version":[{"id":13338,"href":"https:\/\/inspital.com\/de\/wp-json\/wp\/v2\/product\/3311\/revisions\/13338"}],"wp:featuredmedia":[{"embeddable":true,"href":"https:\/\/inspital.com\/de\/wp-json\/wp\/v2\/media\/3312"}],"wp:attachment":[{"href":"https:\/\/inspital.com\/de\/wp-json\/wp\/v2\/media?parent=3311"}],"wp:term":[{"taxonomy":"product_brand","embeddable":true,"href":"https:\/\/inspital.com\/de\/wp-json\/wp\/v2\/product_brand?post=3311"},{"taxonomy":"product_cat","embeddable":true,"href":"https:\/\/inspital.com\/de\/wp-json\/wp\/v2\/product_cat?post=3311"},{"taxonomy":"product_tag","embeddable":true,"href":"https:\/\/inspital.com\/de\/wp-json\/wp\/v2\/product_tag?post=3311"}],"curies":[{"name":"wp","href":"https:\/\/api.w.org\/{rel}","templated":true}]}}