{"id":3304,"date":"2025-03-03T12:15:16","date_gmt":"2025-03-03T09:15:16","guid":{"rendered":"https:\/\/inspital.com\/?post_type=product&#038;p=3304"},"modified":"2026-03-25T12:52:26","modified_gmt":"2026-03-25T09:52:26","slug":"gel-brustrolle-ot60-55","status":"publish","type":"product","link":"https:\/\/inspital.com\/de\/produkt\/gel-brustrolle-ot6055\/","title":{"rendered":"Gel-Brustrolle mit flachem Boden, Erwachsene OT60.55"},"content":{"rendered":"","protected":false},"excerpt":{"rendered":"<div class=\"detail\">\n<div class=\"cnt\">\n<div class=\"detail\">\n<div class=\"cnt\">\n<div class=\"detail\">\n<div class=\"cnt\">\n<div class=\"detail\">\n<div class=\"cnt\">\n<p>Dekubitusprophylaxe w\u00e4hrend der OP<\/p>\n<p>Vielseitige Lagerungshilfen f\u00fcr eine fachgem\u00e4\u00dfe Positionierung von Patienten im Operationssaal um Druckbelastungen zu mindern.<\/p>\n<\/div>\n<\/div>\n<\/div>\n<\/div>\n<\/div>\n<\/div>\n<\/div>\n<\/div>\n","protected":false},"featured_media":3305,"template":"","meta":{"_acf_changed":false},"product_brand":[],"product_cat":[209,330,476,324,326,641,252,321,211,300,298,33,254,248,332,244,650,318,213,637],"product_tag":[],"class_list":{"0":"post-3304","1":"product","2":"type-product","3":"status-publish","4":"has-post-thumbnail","6":"product_cat-operationstisch","7":"product_cat-aufbau-op-tisch","8":"product_cat-firmen-fuer-medizintechnik","9":"product_cat-gel-pads","10":"product_cat-gelkissen","11":"product_cat-krankenhaus-op-tisch","12":"product_cat-lagerung-op-tisch","13":"product_cat-lagerung-operationstisch","14":"product_cat-mobiler-operationstisch","15":"product_cat-op-tisch-kaufen","16":"product_cat-op-tisch-systeme","17":"product_cat-op-tisch","18":"product_cat-op-tisch-instrumente","19":"product_cat-op-tisch-polster","20":"product_cat-op-tisch-vorbereiten","21":"product_cat-op-tisch-zubehoer","22":"product_cat-operationstisch-bilder","23":"product_cat-operationstisch-kaufen","24":"product_cat-operationstisch-zubehoer","25":"product_cat-patient-op-tisch","27":"first","28":"instock","29":"taxable","30":"shipping-taxable","31":"purchasable","32":"product-type-simple"},"acf":{"seo_title_01":"","seo_text_01":""},"_links":{"self":[{"href":"https:\/\/inspital.com\/de\/wp-json\/wp\/v2\/product\/3304","targetHints":{"allow":["GET"]}}],"collection":[{"href":"https:\/\/inspital.com\/de\/wp-json\/wp\/v2\/product"}],"about":[{"href":"https:\/\/inspital.com\/de\/wp-json\/wp\/v2\/types\/product"}],"version-history":[{"count":2,"href":"https:\/\/inspital.com\/de\/wp-json\/wp\/v2\/product\/3304\/revisions"}],"predecessor-version":[{"id":13194,"href":"https:\/\/inspital.com\/de\/wp-json\/wp\/v2\/product\/3304\/revisions\/13194"}],"wp:featuredmedia":[{"embeddable":true,"href":"https:\/\/inspital.com\/de\/wp-json\/wp\/v2\/media\/3305"}],"wp:attachment":[{"href":"https:\/\/inspital.com\/de\/wp-json\/wp\/v2\/media?parent=3304"}],"wp:term":[{"taxonomy":"product_brand","embeddable":true,"href":"https:\/\/inspital.com\/de\/wp-json\/wp\/v2\/product_brand?post=3304"},{"taxonomy":"product_cat","embeddable":true,"href":"https:\/\/inspital.com\/de\/wp-json\/wp\/v2\/product_cat?post=3304"},{"taxonomy":"product_tag","embeddable":true,"href":"https:\/\/inspital.com\/de\/wp-json\/wp\/v2\/product_tag?post=3304"}],"curies":[{"name":"wp","href":"https:\/\/api.w.org\/{rel}","templated":true}]}}