{"id":3280,"date":"2025-03-03T11:59:04","date_gmt":"2025-03-03T08:59:04","guid":{"rendered":"https:\/\/inspital.com\/?post_type=product&#038;p=3280"},"modified":"2026-03-25T12:52:33","modified_gmt":"2026-03-25T09:52:33","slug":"bandscheiben-op-polster-ot60-61","status":"publish","type":"product","link":"https:\/\/inspital.com\/de\/produkt\/bandscheiben-op-polster-ot6061\/","title":{"rendered":"Bandscheiben Polster OT60.61"},"content":{"rendered":"","protected":false},"excerpt":{"rendered":"<div class=\"detail\">\n<div class=\"cnt\">\n<div class=\"detail\">\n<div class=\"cnt\">\n<div class=\"detail\">\n<div class=\"cnt\">\n<div class=\"detail\">\n<div class=\"cnt\">\n<p>Das Bandscheibenpolster st\u00fctzt den Patienten in einer idealen Beugestellung bei Wirbels\u00e4ulen- und proktologischen Operationen.<\/p>\n<p>Dank seiner gebogenen Struktur und zus\u00e4tzlichen Gel-Polstern st\u00fctzt es Brust- und Becken, entlastet so den Druck im Bauchbereich und sorgt somit f\u00fcr einen hohen Komfort f\u00fcr den Patienten.<\/p>\n<p>Das Polster bietet die gleichen Bedingungen wie ein Metallrahmen, ist jedoch komfortabler in der Handhabung.<\/p>\n<\/div>\n<\/div>\n<\/div>\n<\/div>\n<\/div>\n<\/div>\n<\/div>\n<\/div>\n","protected":false},"featured_media":3281,"template":"","meta":{"_acf_changed":false},"product_brand":[],"product_cat":[209,330,256,476,641,252,321,211,300,298,33,254,248,332,244,650,318,213,637],"product_tag":[],"class_list":{"0":"post-3280","1":"product","2":"type-product","3":"status-publish","4":"has-post-thumbnail","6":"product_cat-operationstisch","7":"product_cat-aufbau-op-tisch","8":"product_cat-beinhalter-op-tisch","9":"product_cat-firmen-fuer-medizintechnik","10":"product_cat-krankenhaus-op-tisch","11":"product_cat-lagerung-op-tisch","12":"product_cat-lagerung-operationstisch","13":"product_cat-mobiler-operationstisch","14":"product_cat-op-tisch-kaufen","15":"product_cat-op-tisch-systeme","16":"product_cat-op-tisch","17":"product_cat-op-tisch-instrumente","18":"product_cat-op-tisch-polster","19":"product_cat-op-tisch-vorbereiten","20":"product_cat-op-tisch-zubehoer","21":"product_cat-operationstisch-bilder","22":"product_cat-operationstisch-kaufen","23":"product_cat-operationstisch-zubehoer","24":"product_cat-patient-op-tisch","26":"first","27":"instock","28":"taxable","29":"shipping-taxable","30":"purchasable","31":"product-type-simple"},"acf":{"seo_title_01":"","seo_text_01":""},"_links":{"self":[{"href":"https:\/\/inspital.com\/de\/wp-json\/wp\/v2\/product\/3280","targetHints":{"allow":["GET"]}}],"collection":[{"href":"https:\/\/inspital.com\/de\/wp-json\/wp\/v2\/product"}],"about":[{"href":"https:\/\/inspital.com\/de\/wp-json\/wp\/v2\/types\/product"}],"version-history":[{"count":2,"href":"https:\/\/inspital.com\/de\/wp-json\/wp\/v2\/product\/3280\/revisions"}],"predecessor-version":[{"id":13202,"href":"https:\/\/inspital.com\/de\/wp-json\/wp\/v2\/product\/3280\/revisions\/13202"}],"wp:featuredmedia":[{"embeddable":true,"href":"https:\/\/inspital.com\/de\/wp-json\/wp\/v2\/media\/3281"}],"wp:attachment":[{"href":"https:\/\/inspital.com\/de\/wp-json\/wp\/v2\/media?parent=3280"}],"wp:term":[{"taxonomy":"product_brand","embeddable":true,"href":"https:\/\/inspital.com\/de\/wp-json\/wp\/v2\/product_brand?post=3280"},{"taxonomy":"product_cat","embeddable":true,"href":"https:\/\/inspital.com\/de\/wp-json\/wp\/v2\/product_cat?post=3280"},{"taxonomy":"product_tag","embeddable":true,"href":"https:\/\/inspital.com\/de\/wp-json\/wp\/v2\/product_tag?post=3280"}],"curies":[{"name":"wp","href":"https:\/\/api.w.org\/{rel}","templated":true}]}}