{"id":3277,"date":"2025-03-03T11:57:46","date_gmt":"2025-03-03T08:57:46","guid":{"rendered":"https:\/\/inspital.com\/?post_type=product&#038;p=3277"},"modified":"2026-04-10T12:15:40","modified_gmt":"2026-04-10T09:15:40","slug":"trittstufe-fuer-chirurgen-doppelt-bs10-20","status":"publish","type":"product","link":"https:\/\/inspital.com\/de\/produkt\/trittstufe-fuer-chirurgen-doppelt-bs1020\/","title":{"rendered":"Trittstufe f\u00fcr Chirurgen, doppelt BS10.20"},"content":{"rendered":"","protected":false},"excerpt":{"rendered":"<p>Die doppelte Trittstufe f\u00fcr Chirurgen von Inspital bietet sicheren und stabilen Stand w\u00e4hrend operativer Eingriffe. Hochwertige Materialien und ergonomisches Design gew\u00e4hrleisten Komfort und maximale Sicherheit im Operationssaal.<\/p>\n","protected":false},"featured_media":3278,"template":"","meta":{"_acf_changed":false},"product_brand":[],"product_cat":[33,330,476,641,51,211,300,298,658,254,332,244,209,650,318,213,637],"product_tag":[],"class_list":{"0":"post-3277","1":"product","2":"type-product","3":"status-publish","4":"has-post-thumbnail","6":"product_cat-op-tisch","7":"product_cat-aufbau-op-tisch","8":"product_cat-firmen-fuer-medizintechnik","9":"product_cat-krankenhaus-op-tisch","10":"product_cat-krankenhausmobiliar-aus-edelstahl","11":"product_cat-mobiler-operationstisch","12":"product_cat-op-tisch-kaufen","13":"product_cat-op-tisch-systeme","14":"product_cat-op-tisch-hersteller","15":"product_cat-op-tisch-instrumente","16":"product_cat-op-tisch-vorbereiten","17":"product_cat-op-tisch-zubehoer","18":"product_cat-operationstisch","19":"product_cat-operationstisch-bilder","20":"product_cat-operationstisch-kaufen","21":"product_cat-operationstisch-zubehoer","22":"product_cat-patient-op-tisch","24":"first","25":"instock","26":"taxable","27":"shipping-taxable","28":"purchasable","29":"product-type-simple"},"acf":{"seo_title_01":"","seo_text_01":""},"_links":{"self":[{"href":"https:\/\/inspital.com\/de\/wp-json\/wp\/v2\/product\/3277","targetHints":{"allow":["GET"]}}],"collection":[{"href":"https:\/\/inspital.com\/de\/wp-json\/wp\/v2\/product"}],"about":[{"href":"https:\/\/inspital.com\/de\/wp-json\/wp\/v2\/types\/product"}],"version-history":[{"count":7,"href":"https:\/\/inspital.com\/de\/wp-json\/wp\/v2\/product\/3277\/revisions"}],"predecessor-version":[{"id":17528,"href":"https:\/\/inspital.com\/de\/wp-json\/wp\/v2\/product\/3277\/revisions\/17528"}],"wp:featuredmedia":[{"embeddable":true,"href":"https:\/\/inspital.com\/de\/wp-json\/wp\/v2\/media\/3278"}],"wp:attachment":[{"href":"https:\/\/inspital.com\/de\/wp-json\/wp\/v2\/media?parent=3277"}],"wp:term":[{"taxonomy":"product_brand","embeddable":true,"href":"https:\/\/inspital.com\/de\/wp-json\/wp\/v2\/product_brand?post=3277"},{"taxonomy":"product_cat","embeddable":true,"href":"https:\/\/inspital.com\/de\/wp-json\/wp\/v2\/product_cat?post=3277"},{"taxonomy":"product_tag","embeddable":true,"href":"https:\/\/inspital.com\/de\/wp-json\/wp\/v2\/product_tag?post=3277"}],"curies":[{"name":"wp","href":"https:\/\/api.w.org\/{rel}","templated":true}]}}