{"id":3178,"date":"2025-03-03T10:43:10","date_gmt":"2025-03-03T07:43:10","guid":{"rendered":"https:\/\/inspital.com\/?post_type=product&#038;p=3178"},"modified":"2026-04-10T13:57:12","modified_gmt":"2026-04-10T10:57:12","slug":"hufeisenfoermige-kopfstuetze-mit-handgelenksstuetzring-ot60-21","status":"publish","type":"product","link":"https:\/\/inspital.com\/de\/produkt\/hufeisenfoermige-kopfstuetze-mit-handgelenksstuetzring-ot6021\/","title":{"rendered":"Hufeisenf\u00f6rmige Kopfst\u00fctze mit Handgelenksst\u00fctzring OT60.21"},"content":{"rendered":"","protected":false},"excerpt":{"rendered":"<p>Das rektale Positionierungsset OT60.20 von Inspital GmbH erm\u00f6glicht eine pr\u00e4zise Patientenlagerung f\u00fcr rektale und kolorektale Eingriffe im OP.<\/p>\n","protected":false},"featured_media":3179,"template":"","meta":{"_acf_changed":false},"product_brand":[],"product_cat":[33,330,250,641,252,321,662,211,300,298,658,254,332,244,209,650,318,213,637],"product_tag":[],"class_list":{"0":"post-3178","1":"product","2":"type-product","3":"status-publish","4":"has-post-thumbnail","6":"product_cat-op-tisch","7":"product_cat-aufbau-op-tisch","8":"product_cat-fixierung-op-tisch","9":"product_cat-krankenhaus-op-tisch","10":"product_cat-lagerung-op-tisch","11":"product_cat-lagerung-operationstisch","12":"product_cat-lagerungshilfen-op-tisch","13":"product_cat-mobiler-operationstisch","14":"product_cat-op-tisch-kaufen","15":"product_cat-op-tisch-systeme","16":"product_cat-op-tisch-hersteller","17":"product_cat-op-tisch-instrumente","18":"product_cat-op-tisch-vorbereiten","19":"product_cat-op-tisch-zubehoer","20":"product_cat-operationstisch","21":"product_cat-operationstisch-bilder","22":"product_cat-operationstisch-kaufen","23":"product_cat-operationstisch-zubehoer","24":"product_cat-patient-op-tisch","26":"first","27":"instock","28":"taxable","29":"shipping-taxable","30":"purchasable","31":"product-type-simple"},"acf":{"seo_title_01":"","seo_text_01":""},"_links":{"self":[{"href":"https:\/\/inspital.com\/de\/wp-json\/wp\/v2\/product\/3178","targetHints":{"allow":["GET"]}}],"collection":[{"href":"https:\/\/inspital.com\/de\/wp-json\/wp\/v2\/product"}],"about":[{"href":"https:\/\/inspital.com\/de\/wp-json\/wp\/v2\/types\/product"}],"version-history":[{"count":5,"href":"https:\/\/inspital.com\/de\/wp-json\/wp\/v2\/product\/3178\/revisions"}],"predecessor-version":[{"id":14789,"href":"https:\/\/inspital.com\/de\/wp-json\/wp\/v2\/product\/3178\/revisions\/14789"}],"wp:featuredmedia":[{"embeddable":true,"href":"https:\/\/inspital.com\/de\/wp-json\/wp\/v2\/media\/3179"}],"wp:attachment":[{"href":"https:\/\/inspital.com\/de\/wp-json\/wp\/v2\/media?parent=3178"}],"wp:term":[{"taxonomy":"product_brand","embeddable":true,"href":"https:\/\/inspital.com\/de\/wp-json\/wp\/v2\/product_brand?post=3178"},{"taxonomy":"product_cat","embeddable":true,"href":"https:\/\/inspital.com\/de\/wp-json\/wp\/v2\/product_cat?post=3178"},{"taxonomy":"product_tag","embeddable":true,"href":"https:\/\/inspital.com\/de\/wp-json\/wp\/v2\/product_tag?post=3178"}],"curies":[{"name":"wp","href":"https:\/\/api.w.org\/{rel}","templated":true}]}}