{"id":3160,"date":"2025-03-03T10:35:11","date_gmt":"2025-03-03T07:35:11","guid":{"rendered":"https:\/\/inspital.com\/?post_type=product&#038;p=3160"},"modified":"2026-03-13T16:55:26","modified_gmt":"2026-03-13T13:55:26","slug":"spuelbecken-rechteckig-mit-ablaufschlauch-ot60-12","status":"publish","type":"product","link":"https:\/\/inspital.com\/de\/produkt\/spuelschale-rechteckig-mit-ablaufschlauch-und-abfalleimer-ot6012\/","title":{"rendered":"Sp\u00fclbecken, Rechteckig mit Ablaufschlauch OT60.12"},"content":{"rendered":"","protected":false},"excerpt":{"rendered":"<div class=\"detail\">\n<div class=\"cnt\">\n<div class=\"detail\">\n<div class=\"cnt\">\n<div class=\"detail\">\n<div class=\"cnt\">\n<div class=\"detail\">\n<div class=\"cnt\">\n<p>Sp\u00fclschale f\u00fcr hygienische Arbeitsbedingungen in Operationss\u00e4len.<\/p>\n<\/div>\n<\/div>\n<\/div>\n<\/div>\n<\/div>\n<\/div>\n<\/div>\n<\/div>\n","protected":false},"featured_media":9278,"template":"","meta":{"_acf_changed":false},"product_brand":[],"product_cat":[33,330,641,211,300,298,254,332,244,209,318,213],"product_tag":[],"class_list":{"0":"post-3160","1":"product","2":"type-product","3":"status-publish","4":"has-post-thumbnail","6":"product_cat-op-tisch","7":"product_cat-aufbau-op-tisch","8":"product_cat-krankenhaus-op-tisch","9":"product_cat-mobiler-operationstisch","10":"product_cat-op-tisch-kaufen","11":"product_cat-op-tisch-systeme","12":"product_cat-op-tisch-instrumente","13":"product_cat-op-tisch-vorbereiten","14":"product_cat-op-tisch-zubehoer","15":"product_cat-operationstisch","16":"product_cat-operationstisch-kaufen","17":"product_cat-operationstisch-zubehoer","19":"first","20":"instock","21":"taxable","22":"shipping-taxable","23":"purchasable","24":"product-type-simple"},"acf":{"seo_title_01":"","seo_text_01":""},"_links":{"self":[{"href":"https:\/\/inspital.com\/de\/wp-json\/wp\/v2\/product\/3160","targetHints":{"allow":["GET"]}}],"collection":[{"href":"https:\/\/inspital.com\/de\/wp-json\/wp\/v2\/product"}],"about":[{"href":"https:\/\/inspital.com\/de\/wp-json\/wp\/v2\/types\/product"}],"version-history":[{"count":3,"href":"https:\/\/inspital.com\/de\/wp-json\/wp\/v2\/product\/3160\/revisions"}],"predecessor-version":[{"id":13268,"href":"https:\/\/inspital.com\/de\/wp-json\/wp\/v2\/product\/3160\/revisions\/13268"}],"wp:featuredmedia":[{"embeddable":true,"href":"https:\/\/inspital.com\/de\/wp-json\/wp\/v2\/media\/9278"}],"wp:attachment":[{"href":"https:\/\/inspital.com\/de\/wp-json\/wp\/v2\/media?parent=3160"}],"wp:term":[{"taxonomy":"product_brand","embeddable":true,"href":"https:\/\/inspital.com\/de\/wp-json\/wp\/v2\/product_brand?post=3160"},{"taxonomy":"product_cat","embeddable":true,"href":"https:\/\/inspital.com\/de\/wp-json\/wp\/v2\/product_cat?post=3160"},{"taxonomy":"product_tag","embeddable":true,"href":"https:\/\/inspital.com\/de\/wp-json\/wp\/v2\/product_tag?post=3160"}],"curies":[{"name":"wp","href":"https:\/\/api.w.org\/{rel}","templated":true}]}}