{"id":2990,"date":"2025-02-28T11:07:50","date_gmt":"2025-02-28T08:07:50","guid":{"rendered":"https:\/\/inspital.com\/?post_type=product&#038;p=2990"},"modified":"2026-04-10T13:57:26","modified_gmt":"2026-04-10T10:57:26","slug":"roentgendurchlaessiger-wirbelsaeulenrahmen-ot6035","status":"publish","type":"product","link":"https:\/\/inspital.com\/de\/produkt\/roentgendurchlaessiger-wirbelsaeulenrahmen-ot6035\/","title":{"rendered":"R\u00f6ntgendurchl\u00e4ssiger Wirbels\u00e4ulenrahmen OT60.35"},"content":{"rendered":"","protected":false},"excerpt":{"rendered":"<p>St\u00fctzt den Patienten bei Wirbels\u00e4ulen- und proktologischen Eingriffen in einer ideal gebeugten Position.Dank ihrer gebogenen Struktur st\u00fctzt sie den Brustkorb und das Becken, entlastet den Bauchbereich und sorgt so f\u00fcr einen hohen Komfort f\u00fcr den Patienten.<\/p>\n","protected":false},"featured_media":2991,"template":"","meta":{"_acf_changed":false},"product_brand":[],"product_cat":[33,330,292,482,250,252,321,662,211,300,298,254,332,244,209,318,213],"product_tag":[],"class_list":{"0":"post-2990","1":"product","2":"type-product","3":"status-publish","4":"has-post-thumbnail","6":"product_cat-op-tisch","7":"product_cat-aufbau-op-tisch","8":"product_cat-carbontisch","9":"product_cat-carbontisch-op","10":"product_cat-fixierung-op-tisch","11":"product_cat-lagerung-op-tisch","12":"product_cat-lagerung-operationstisch","13":"product_cat-lagerungshilfen-op-tisch","14":"product_cat-mobiler-operationstisch","15":"product_cat-op-tisch-kaufen","16":"product_cat-op-tisch-systeme","17":"product_cat-op-tisch-instrumente","18":"product_cat-op-tisch-vorbereiten","19":"product_cat-op-tisch-zubehoer","20":"product_cat-operationstisch","21":"product_cat-operationstisch-kaufen","22":"product_cat-operationstisch-zubehoer","24":"first","25":"instock","26":"taxable","27":"shipping-taxable","28":"purchasable","29":"product-type-simple"},"acf":{"seo_title_01":"","seo_text_01":""},"_links":{"self":[{"href":"https:\/\/inspital.com\/de\/wp-json\/wp\/v2\/product\/2990","targetHints":{"allow":["GET"]}}],"collection":[{"href":"https:\/\/inspital.com\/de\/wp-json\/wp\/v2\/product"}],"about":[{"href":"https:\/\/inspital.com\/de\/wp-json\/wp\/v2\/types\/product"}],"version-history":[{"count":2,"href":"https:\/\/inspital.com\/de\/wp-json\/wp\/v2\/product\/2990\/revisions"}],"predecessor-version":[{"id":13293,"href":"https:\/\/inspital.com\/de\/wp-json\/wp\/v2\/product\/2990\/revisions\/13293"}],"wp:featuredmedia":[{"embeddable":true,"href":"https:\/\/inspital.com\/de\/wp-json\/wp\/v2\/media\/2991"}],"wp:attachment":[{"href":"https:\/\/inspital.com\/de\/wp-json\/wp\/v2\/media?parent=2990"}],"wp:term":[{"taxonomy":"product_brand","embeddable":true,"href":"https:\/\/inspital.com\/de\/wp-json\/wp\/v2\/product_brand?post=2990"},{"taxonomy":"product_cat","embeddable":true,"href":"https:\/\/inspital.com\/de\/wp-json\/wp\/v2\/product_cat?post=2990"},{"taxonomy":"product_tag","embeddable":true,"href":"https:\/\/inspital.com\/de\/wp-json\/wp\/v2\/product_tag?post=2990"}],"curies":[{"name":"wp","href":"https:\/\/api.w.org\/{rel}","templated":true}]}}