{"id":2985,"date":"2025-02-28T11:04:48","date_gmt":"2025-02-28T08:04:48","guid":{"rendered":"https:\/\/inspital.com\/?post_type=product&#038;p=2985"},"modified":"2026-02-09T13:35:31","modified_gmt":"2026-02-09T10:35:31","slug":"arthroskopie-schulterstuetze-ot60-76","status":"publish","type":"product","link":"https:\/\/inspital.com\/de\/produkt\/arthroskopie-schulterstuetze-ot6076\/","title":{"rendered":"Arthroskopie &#8211; Schulterst\u00fctze OT60.76"},"content":{"rendered":"","protected":false},"excerpt":{"rendered":"<p>Erm\u00f6glicht einfachen Zugang zum Schulterbereich f\u00fcr anwendbare Operationen.<\/p>\n","protected":false},"featured_media":2986,"template":"","meta":{"_acf_changed":false},"product_brand":[],"product_cat":[209,330,250,252,321,211,300,298,33,254,332,244,318,213],"product_tag":[],"class_list":{"0":"post-2985","1":"product","2":"type-product","3":"status-publish","4":"has-post-thumbnail","6":"product_cat-operationstisch","7":"product_cat-aufbau-op-tisch","8":"product_cat-fixierung-op-tisch","9":"product_cat-lagerung-op-tisch","10":"product_cat-lagerung-operationstisch","11":"product_cat-mobiler-operationstisch","12":"product_cat-op-tisch-kaufen","13":"product_cat-op-tisch-systeme","14":"product_cat-op-tisch","15":"product_cat-op-tisch-instrumente","16":"product_cat-op-tisch-vorbereiten","17":"product_cat-op-tisch-zubehoer","18":"product_cat-operationstisch-kaufen","19":"product_cat-operationstisch-zubehoer","21":"first","22":"instock","23":"taxable","24":"shipping-taxable","25":"purchasable","26":"product-type-simple"},"acf":{"seo_title_01":"","seo_text_01":""},"_links":{"self":[{"href":"https:\/\/inspital.com\/de\/wp-json\/wp\/v2\/product\/2985","targetHints":{"allow":["GET"]}}],"collection":[{"href":"https:\/\/inspital.com\/de\/wp-json\/wp\/v2\/product"}],"about":[{"href":"https:\/\/inspital.com\/de\/wp-json\/wp\/v2\/types\/product"}],"version-history":[{"count":3,"href":"https:\/\/inspital.com\/de\/wp-json\/wp\/v2\/product\/2985\/revisions"}],"predecessor-version":[{"id":13295,"href":"https:\/\/inspital.com\/de\/wp-json\/wp\/v2\/product\/2985\/revisions\/13295"}],"wp:featuredmedia":[{"embeddable":true,"href":"https:\/\/inspital.com\/de\/wp-json\/wp\/v2\/media\/2986"}],"wp:attachment":[{"href":"https:\/\/inspital.com\/de\/wp-json\/wp\/v2\/media?parent=2985"}],"wp:term":[{"taxonomy":"product_brand","embeddable":true,"href":"https:\/\/inspital.com\/de\/wp-json\/wp\/v2\/product_brand?post=2985"},{"taxonomy":"product_cat","embeddable":true,"href":"https:\/\/inspital.com\/de\/wp-json\/wp\/v2\/product_cat?post=2985"},{"taxonomy":"product_tag","embeddable":true,"href":"https:\/\/inspital.com\/de\/wp-json\/wp\/v2\/product_tag?post=2985"}],"curies":[{"name":"wp","href":"https:\/\/api.w.org\/{rel}","templated":true}]}}