{"id":2981,"date":"2025-02-28T11:03:09","date_gmt":"2025-02-28T08:03:09","guid":{"rendered":"https:\/\/inspital.com\/?post_type=product&#038;p=2981"},"modified":"2026-04-10T13:57:28","modified_gmt":"2026-04-10T10:57:28","slug":"neurochirurgische-schaedelklemme-hufeisenkopfstuetze-ot6080","status":"publish","type":"product","link":"https:\/\/inspital.com\/de\/produkt\/neurochirurgische-schaedelklemme-hufeisenkopfstuetze-ot6080\/","title":{"rendered":"Neurochirurgische Sch\u00e4delklemme &#038; Hufeisenkopfst\u00fctze OT60.80"},"content":{"rendered":"","protected":false},"excerpt":{"rendered":"<div class=\"detail\">\n<div class=\"cnt\">\n<p>Unsere neurochirurgische Sch\u00e4delklemme &amp; Hufeisenkopfst\u00fctze erm\u00f6glichen eine stabile Fixierung des Kopfes und sorgen somit f\u00fcr eine hohe Patientensicherheit um optimale Behandlungsergebnisse zu erzielen.<\/p>\n<\/div>\n<\/div>\n","protected":false},"featured_media":2982,"template":"","meta":{"_acf_changed":false},"product_brand":[],"product_cat":[33,330,250,252,321,662,211,300,298,254,332,244,209,318,213,294],"product_tag":[],"class_list":{"0":"post-2981","1":"product","2":"type-product","3":"status-publish","4":"has-post-thumbnail","6":"product_cat-op-tisch","7":"product_cat-aufbau-op-tisch","8":"product_cat-fixierung-op-tisch","9":"product_cat-lagerung-op-tisch","10":"product_cat-lagerung-operationstisch","11":"product_cat-lagerungshilfen-op-tisch","12":"product_cat-mobiler-operationstisch","13":"product_cat-op-tisch-kaufen","14":"product_cat-op-tisch-systeme","15":"product_cat-op-tisch-instrumente","16":"product_cat-op-tisch-vorbereiten","17":"product_cat-op-tisch-zubehoer","18":"product_cat-operationstisch","19":"product_cat-operationstisch-kaufen","20":"product_cat-operationstisch-zubehoer","21":"product_cat-schaedelklemme","23":"first","24":"instock","25":"taxable","26":"shipping-taxable","27":"purchasable","28":"product-type-simple"},"acf":{"seo_title_01":"","seo_text_01":""},"_links":{"self":[{"href":"https:\/\/inspital.com\/de\/wp-json\/wp\/v2\/product\/2981","targetHints":{"allow":["GET"]}}],"collection":[{"href":"https:\/\/inspital.com\/de\/wp-json\/wp\/v2\/product"}],"about":[{"href":"https:\/\/inspital.com\/de\/wp-json\/wp\/v2\/types\/product"}],"version-history":[{"count":4,"href":"https:\/\/inspital.com\/de\/wp-json\/wp\/v2\/product\/2981\/revisions"}],"predecessor-version":[{"id":14879,"href":"https:\/\/inspital.com\/de\/wp-json\/wp\/v2\/product\/2981\/revisions\/14879"}],"wp:featuredmedia":[{"embeddable":true,"href":"https:\/\/inspital.com\/de\/wp-json\/wp\/v2\/media\/2982"}],"wp:attachment":[{"href":"https:\/\/inspital.com\/de\/wp-json\/wp\/v2\/media?parent=2981"}],"wp:term":[{"taxonomy":"product_brand","embeddable":true,"href":"https:\/\/inspital.com\/de\/wp-json\/wp\/v2\/product_brand?post=2981"},{"taxonomy":"product_cat","embeddable":true,"href":"https:\/\/inspital.com\/de\/wp-json\/wp\/v2\/product_cat?post=2981"},{"taxonomy":"product_tag","embeddable":true,"href":"https:\/\/inspital.com\/de\/wp-json\/wp\/v2\/product_tag?post=2981"}],"curies":[{"name":"wp","href":"https:\/\/api.w.org\/{rel}","templated":true}]}}