{"id":2977,"date":"2025-02-28T11:01:13","date_gmt":"2025-02-28T08:01:13","guid":{"rendered":"https:\/\/inspital.com\/?post_type=product&#038;p=2977"},"modified":"2026-02-27T11:17:44","modified_gmt":"2026-02-27T08:17:44","slug":"transportwagen-fuer-das-karbonverlaengerungsgeraet-ot60-96","status":"publish","type":"product","link":"https:\/\/inspital.com\/de\/produkt\/transportwagen-fuer-das-karbonverlaengerungsgeraet-ot6096\/","title":{"rendered":"Transportwagen f\u00fcr das Karbonverl\u00e4ngerungsger\u00e4t OT60.96"},"content":{"rendered":"","protected":false},"excerpt":{"rendered":"<p>Materialien<br \/>\nHergestellt aus hochwertigem Edelstahl<\/p>\n","protected":false},"featured_media":6212,"template":"","meta":{"_acf_changed":false},"product_brand":[],"product_cat":[33,330,292,482,321,211,300,298,254,332,244,209,318,213],"product_tag":[],"class_list":{"0":"post-2977","1":"product","2":"type-product","3":"status-publish","4":"has-post-thumbnail","6":"product_cat-op-tisch","7":"product_cat-aufbau-op-tisch","8":"product_cat-carbontisch","9":"product_cat-carbontisch-op","10":"product_cat-lagerung-operationstisch","11":"product_cat-mobiler-operationstisch","12":"product_cat-op-tisch-kaufen","13":"product_cat-op-tisch-systeme","14":"product_cat-op-tisch-instrumente","15":"product_cat-op-tisch-vorbereiten","16":"product_cat-op-tisch-zubehoer","17":"product_cat-operationstisch","18":"product_cat-operationstisch-kaufen","19":"product_cat-operationstisch-zubehoer","21":"first","22":"instock","23":"taxable","24":"shipping-taxable","25":"purchasable","26":"product-type-simple"},"acf":{"seo_title_01":"","seo_text_01":""},"_links":{"self":[{"href":"https:\/\/inspital.com\/de\/wp-json\/wp\/v2\/product\/2977","targetHints":{"allow":["GET"]}}],"collection":[{"href":"https:\/\/inspital.com\/de\/wp-json\/wp\/v2\/product"}],"about":[{"href":"https:\/\/inspital.com\/de\/wp-json\/wp\/v2\/types\/product"}],"version-history":[{"count":1,"href":"https:\/\/inspital.com\/de\/wp-json\/wp\/v2\/product\/2977\/revisions"}],"predecessor-version":[{"id":12847,"href":"https:\/\/inspital.com\/de\/wp-json\/wp\/v2\/product\/2977\/revisions\/12847"}],"wp:featuredmedia":[{"embeddable":true,"href":"https:\/\/inspital.com\/de\/wp-json\/wp\/v2\/media\/6212"}],"wp:attachment":[{"href":"https:\/\/inspital.com\/de\/wp-json\/wp\/v2\/media?parent=2977"}],"wp:term":[{"taxonomy":"product_brand","embeddable":true,"href":"https:\/\/inspital.com\/de\/wp-json\/wp\/v2\/product_brand?post=2977"},{"taxonomy":"product_cat","embeddable":true,"href":"https:\/\/inspital.com\/de\/wp-json\/wp\/v2\/product_cat?post=2977"},{"taxonomy":"product_tag","embeddable":true,"href":"https:\/\/inspital.com\/de\/wp-json\/wp\/v2\/product_tag?post=2977"}],"curies":[{"name":"wp","href":"https:\/\/api.w.org\/{rel}","templated":true}]}}