{"id":2965,"date":"2025-02-28T10:55:08","date_gmt":"2025-02-28T07:55:08","guid":{"rendered":"https:\/\/inspital.com\/?post_type=product&#038;p=2965"},"modified":"2026-04-10T13:57:30","modified_gmt":"2026-04-10T10:57:30","slug":"karbon-extensionsgeraet-ot60-95","status":"publish","type":"product","link":"https:\/\/inspital.com\/de\/produkt\/karbon-extensionsgeraet-ot6095\/","title":{"rendered":"Karbon &#8211; Extensionsger\u00e4t OT60.95"},"content":{"rendered":"","protected":false},"excerpt":{"rendered":"<div class=\"detail\">\n<div class=\"cnt\">\n<p>Das orthop\u00e4dische Traktionsset ist f\u00fcr alle INSPITAL-Operationstische in der orthop\u00e4dischen Chirurgie geeignet.<\/p>\n<\/div>\n<\/div>\n","protected":false},"featured_media":10384,"template":"","meta":{"_acf_changed":false},"product_brand":[],"product_cat":[33,330,256,292,482,250,252,321,662,211,300,298,254,332,244,209,318,213],"product_tag":[],"class_list":{"0":"post-2965","1":"product","2":"type-product","3":"status-publish","4":"has-post-thumbnail","6":"product_cat-op-tisch","7":"product_cat-aufbau-op-tisch","8":"product_cat-beinhalter-op-tisch","9":"product_cat-carbontisch","10":"product_cat-carbontisch-op","11":"product_cat-fixierung-op-tisch","12":"product_cat-lagerung-op-tisch","13":"product_cat-lagerung-operationstisch","14":"product_cat-lagerungshilfen-op-tisch","15":"product_cat-mobiler-operationstisch","16":"product_cat-op-tisch-kaufen","17":"product_cat-op-tisch-systeme","18":"product_cat-op-tisch-instrumente","19":"product_cat-op-tisch-vorbereiten","20":"product_cat-op-tisch-zubehoer","21":"product_cat-operationstisch","22":"product_cat-operationstisch-kaufen","23":"product_cat-operationstisch-zubehoer","25":"first","26":"instock","27":"taxable","28":"shipping-taxable","29":"purchasable","30":"product-type-simple"},"acf":{"seo_title_01":"","seo_text_01":""},"_links":{"self":[{"href":"https:\/\/inspital.com\/de\/wp-json\/wp\/v2\/product\/2965","targetHints":{"allow":["GET"]}}],"collection":[{"href":"https:\/\/inspital.com\/de\/wp-json\/wp\/v2\/product"}],"about":[{"href":"https:\/\/inspital.com\/de\/wp-json\/wp\/v2\/types\/product"}],"version-history":[{"count":2,"href":"https:\/\/inspital.com\/de\/wp-json\/wp\/v2\/product\/2965\/revisions"}],"predecessor-version":[{"id":13298,"href":"https:\/\/inspital.com\/de\/wp-json\/wp\/v2\/product\/2965\/revisions\/13298"}],"wp:featuredmedia":[{"embeddable":true,"href":"https:\/\/inspital.com\/de\/wp-json\/wp\/v2\/media\/10384"}],"wp:attachment":[{"href":"https:\/\/inspital.com\/de\/wp-json\/wp\/v2\/media?parent=2965"}],"wp:term":[{"taxonomy":"product_brand","embeddable":true,"href":"https:\/\/inspital.com\/de\/wp-json\/wp\/v2\/product_brand?post=2965"},{"taxonomy":"product_cat","embeddable":true,"href":"https:\/\/inspital.com\/de\/wp-json\/wp\/v2\/product_cat?post=2965"},{"taxonomy":"product_tag","embeddable":true,"href":"https:\/\/inspital.com\/de\/wp-json\/wp\/v2\/product_tag?post=2965"}],"curies":[{"name":"wp","href":"https:\/\/api.w.org\/{rel}","templated":true}]}}