{"id":2961,"date":"2025-02-28T10:53:02","date_gmt":"2025-02-28T07:53:02","guid":{"rendered":"https:\/\/inspital.com\/?post_type=product&#038;p=2961"},"modified":"2026-04-10T13:57:31","modified_gmt":"2026-04-10T10:57:31","slug":"orthopaedie-extensionsgeraet-ot60-90","status":"publish","type":"product","link":"https:\/\/inspital.com\/de\/produkt\/orthopaedie-extensionsgeraet-ot6090\/","title":{"rendered":"Orthop\u00e4die Extensionsger\u00e4t OT60.90"},"content":{"rendered":"","protected":false},"excerpt":{"rendered":"<div class=\"detail\">\n<div class=\"cnt\">\n<p>Das Orthop\u00e4die Extensionsger\u00e4t ist f\u00fcr alle INSPITAL-Operationstische geeignet.<\/p>\n<\/div>\n<\/div>\n","protected":false},"featured_media":2962,"template":"","meta":{"_acf_changed":false},"product_brand":[],"product_cat":[33,330,256,250,252,321,662,211,300,298,254,332,244,209,318,213],"product_tag":[],"class_list":{"0":"post-2961","1":"product","2":"type-product","3":"status-publish","4":"has-post-thumbnail","6":"product_cat-op-tisch","7":"product_cat-aufbau-op-tisch","8":"product_cat-beinhalter-op-tisch","9":"product_cat-fixierung-op-tisch","10":"product_cat-lagerung-op-tisch","11":"product_cat-lagerung-operationstisch","12":"product_cat-lagerungshilfen-op-tisch","13":"product_cat-mobiler-operationstisch","14":"product_cat-op-tisch-kaufen","15":"product_cat-op-tisch-systeme","16":"product_cat-op-tisch-instrumente","17":"product_cat-op-tisch-vorbereiten","18":"product_cat-op-tisch-zubehoer","19":"product_cat-operationstisch","20":"product_cat-operationstisch-kaufen","21":"product_cat-operationstisch-zubehoer","23":"first","24":"instock","25":"taxable","26":"shipping-taxable","27":"purchasable","28":"product-type-simple"},"acf":{"seo_title_01":"","seo_text_01":""},"_links":{"self":[{"href":"https:\/\/inspital.com\/de\/wp-json\/wp\/v2\/product\/2961","targetHints":{"allow":["GET"]}}],"collection":[{"href":"https:\/\/inspital.com\/de\/wp-json\/wp\/v2\/product"}],"about":[{"href":"https:\/\/inspital.com\/de\/wp-json\/wp\/v2\/types\/product"}],"version-history":[{"count":3,"href":"https:\/\/inspital.com\/de\/wp-json\/wp\/v2\/product\/2961\/revisions"}],"predecessor-version":[{"id":16333,"href":"https:\/\/inspital.com\/de\/wp-json\/wp\/v2\/product\/2961\/revisions\/16333"}],"wp:featuredmedia":[{"embeddable":true,"href":"https:\/\/inspital.com\/de\/wp-json\/wp\/v2\/media\/2962"}],"wp:attachment":[{"href":"https:\/\/inspital.com\/de\/wp-json\/wp\/v2\/media?parent=2961"}],"wp:term":[{"taxonomy":"product_brand","embeddable":true,"href":"https:\/\/inspital.com\/de\/wp-json\/wp\/v2\/product_brand?post=2961"},{"taxonomy":"product_cat","embeddable":true,"href":"https:\/\/inspital.com\/de\/wp-json\/wp\/v2\/product_cat?post=2961"},{"taxonomy":"product_tag","embeddable":true,"href":"https:\/\/inspital.com\/de\/wp-json\/wp\/v2\/product_tag?post=2961"}],"curies":[{"name":"wp","href":"https:\/\/api.w.org\/{rel}","templated":true}]}}