{"id":17479,"date":"2026-03-03T14:09:20","date_gmt":"2026-03-03T11:09:20","guid":{"rendered":"https:\/\/inspital.com\/?post_type=product&#038;p=17479"},"modified":"2026-03-03T14:14:47","modified_gmt":"2026-03-03T11:14:47","slug":"abfallbehaelter-und-abfallsammelgefaess-ab90-02","status":"publish","type":"product","link":"https:\/\/inspital.com\/de\/produkt\/abfallbehaelter-und-abfallsammelgefaess-ab90-02\/","title":{"rendered":"Abfallbeh\u00e4lter und Abfallsammelgef\u00e4\u00df AB90.02"},"content":{"rendered":"","protected":false},"excerpt":{"rendered":"","protected":false},"featured_media":3770,"template":"","meta":{"_acf_changed":false},"product_brand":[],"product_cat":[51],"product_tag":[],"class_list":{"0":"post-17479","1":"product","2":"type-product","3":"status-publish","4":"has-post-thumbnail","6":"product_cat-krankenhausmobiliar-aus-edelstahl","8":"first","9":"instock","10":"taxable","11":"shipping-taxable","12":"purchasable","13":"product-type-simple"},"acf":[],"_links":{"self":[{"href":"https:\/\/inspital.com\/de\/wp-json\/wp\/v2\/product\/17479","targetHints":{"allow":["GET"]}}],"collection":[{"href":"https:\/\/inspital.com\/de\/wp-json\/wp\/v2\/product"}],"about":[{"href":"https:\/\/inspital.com\/de\/wp-json\/wp\/v2\/types\/product"}],"version-history":[{"count":3,"href":"https:\/\/inspital.com\/de\/wp-json\/wp\/v2\/product\/17479\/revisions"}],"predecessor-version":[{"id":17493,"href":"https:\/\/inspital.com\/de\/wp-json\/wp\/v2\/product\/17479\/revisions\/17493"}],"wp:featuredmedia":[{"embeddable":true,"href":"https:\/\/inspital.com\/de\/wp-json\/wp\/v2\/media\/3770"}],"wp:attachment":[{"href":"https:\/\/inspital.com\/de\/wp-json\/wp\/v2\/media?parent=17479"}],"wp:term":[{"taxonomy":"product_brand","embeddable":true,"href":"https:\/\/inspital.com\/de\/wp-json\/wp\/v2\/product_brand?post=17479"},{"taxonomy":"product_cat","embeddable":true,"href":"https:\/\/inspital.com\/de\/wp-json\/wp\/v2\/product_cat?post=17479"},{"taxonomy":"product_tag","embeddable":true,"href":"https:\/\/inspital.com\/de\/wp-json\/wp\/v2\/product_tag?post=17479"}],"curies":[{"name":"wp","href":"https:\/\/api.w.org\/{rel}","templated":true}]}}