{"id":11816,"date":"2025-06-23T10:30:49","date_gmt":"2025-06-23T07:30:49","guid":{"rendered":"https:\/\/inspital.com\/product\/abfallbehaelter-und-abfallsammelgefaess-ab90-01\/"},"modified":"2026-02-20T16:42:49","modified_gmt":"2026-02-20T13:42:49","slug":"abfallbehaelter-und-abfallsammelgefaess-ab90-01","status":"publish","type":"product","link":"https:\/\/inspital.com\/de\/produkt\/abfallbehaelter-und-abfallsammelgefaess-ab90-01\/","title":{"rendered":"Abfallbeh\u00e4lter und Abfallsammelgef\u00e4\u00df AB90.01"},"content":{"rendered":"","protected":false},"excerpt":{"rendered":"","protected":false},"featured_media":17497,"template":"","meta":{"_acf_changed":false},"product_brand":[],"product_cat":[51],"product_tag":[],"class_list":{"0":"post-11816","1":"product","2":"type-product","3":"status-publish","4":"has-post-thumbnail","6":"product_cat-krankenhausmobiliar-aus-edelstahl","8":"first","9":"instock","10":"taxable","11":"shipping-taxable","12":"purchasable","13":"product-type-simple"},"acf":[],"_links":{"self":[{"href":"https:\/\/inspital.com\/de\/wp-json\/wp\/v2\/product\/11816","targetHints":{"allow":["GET"]}}],"collection":[{"href":"https:\/\/inspital.com\/de\/wp-json\/wp\/v2\/product"}],"about":[{"href":"https:\/\/inspital.com\/de\/wp-json\/wp\/v2\/types\/product"}],"version-history":[{"count":7,"href":"https:\/\/inspital.com\/de\/wp-json\/wp\/v2\/product\/11816\/revisions"}],"predecessor-version":[{"id":15411,"href":"https:\/\/inspital.com\/de\/wp-json\/wp\/v2\/product\/11816\/revisions\/15411"}],"wp:featuredmedia":[{"embeddable":true,"href":"https:\/\/inspital.com\/de\/wp-json\/wp\/v2\/media\/17497"}],"wp:attachment":[{"href":"https:\/\/inspital.com\/de\/wp-json\/wp\/v2\/media?parent=11816"}],"wp:term":[{"taxonomy":"product_brand","embeddable":true,"href":"https:\/\/inspital.com\/de\/wp-json\/wp\/v2\/product_brand?post=11816"},{"taxonomy":"product_cat","embeddable":true,"href":"https:\/\/inspital.com\/de\/wp-json\/wp\/v2\/product_cat?post=11816"},{"taxonomy":"product_tag","embeddable":true,"href":"https:\/\/inspital.com\/de\/wp-json\/wp\/v2\/product_tag?post=11816"}],"curies":[{"name":"wp","href":"https:\/\/api.w.org\/{rel}","templated":true}]}}