{"id":10958,"date":"2025-05-23T11:07:17","date_gmt":"2025-05-23T08:07:17","guid":{"rendered":"https:\/\/inspital.com\/?post_type=product&#038;p=10958"},"modified":"2026-04-10T13:56:47","modified_gmt":"2026-04-10T10:56:47","slug":"tunnel-polster-ot70-06","status":"publish","type":"product","link":"https:\/\/inspital.com\/de\/produkt\/tunnel-polster-ot70-06\/","title":{"rendered":"Tunnel &#8211; Polster OT70.06"},"content":{"rendered":"","protected":false},"excerpt":{"rendered":"<div class=\"detail\">\n<div class=\"cnt\">\n<div class=\"detail\">\n<div class=\"cnt\">\n<div class=\"detail\">\n<div class=\"cnt\">\n<div class=\"detail\">\n<div class=\"cnt\">\n<p>Dekubitusprophylaxe w\u00e4hrend der OP<\/p>\n<p>Vielseitige Lagerungshilfen f\u00fcr eine fachgem\u00e4\u00dfe Positionierung von Patienten im Operationssaal um Druckbelastungen zu mindern.<\/p>\n<\/div>\n<\/div>\n<\/div>\n<\/div>\n<\/div>\n<\/div>\n<\/div>\n<\/div>\n","protected":false},"featured_media":13626,"template":"","meta":{"_acf_changed":false},"product_brand":[],"product_cat":[33,330,476,641,252,321,662,211,300,298,658,254,248,332,244,209,650,318,213,637],"product_tag":[],"class_list":{"0":"post-10958","1":"product","2":"type-product","3":"status-publish","4":"has-post-thumbnail","6":"product_cat-op-tisch","7":"product_cat-aufbau-op-tisch","8":"product_cat-firmen-fuer-medizintechnik","9":"product_cat-krankenhaus-op-tisch","10":"product_cat-lagerung-op-tisch","11":"product_cat-lagerung-operationstisch","12":"product_cat-lagerungshilfen-op-tisch","13":"product_cat-mobiler-operationstisch","14":"product_cat-op-tisch-kaufen","15":"product_cat-op-tisch-systeme","16":"product_cat-op-tisch-hersteller","17":"product_cat-op-tisch-instrumente","18":"product_cat-op-tisch-polster","19":"product_cat-op-tisch-vorbereiten","20":"product_cat-op-tisch-zubehoer","21":"product_cat-operationstisch","22":"product_cat-operationstisch-bilder","23":"product_cat-operationstisch-kaufen","24":"product_cat-operationstisch-zubehoer","25":"product_cat-patient-op-tisch","27":"first","28":"instock","29":"taxable","30":"shipping-taxable","31":"purchasable","32":"product-type-simple"},"acf":{"seo_title_01":"","seo_text_01":""},"_links":{"self":[{"href":"https:\/\/inspital.com\/de\/wp-json\/wp\/v2\/product\/10958","targetHints":{"allow":["GET"]}}],"collection":[{"href":"https:\/\/inspital.com\/de\/wp-json\/wp\/v2\/product"}],"about":[{"href":"https:\/\/inspital.com\/de\/wp-json\/wp\/v2\/types\/product"}],"version-history":[{"count":2,"href":"https:\/\/inspital.com\/de\/wp-json\/wp\/v2\/product\/10958\/revisions"}],"predecessor-version":[{"id":13182,"href":"https:\/\/inspital.com\/de\/wp-json\/wp\/v2\/product\/10958\/revisions\/13182"}],"wp:featuredmedia":[{"embeddable":true,"href":"https:\/\/inspital.com\/de\/wp-json\/wp\/v2\/media\/13626"}],"wp:attachment":[{"href":"https:\/\/inspital.com\/de\/wp-json\/wp\/v2\/media?parent=10958"}],"wp:term":[{"taxonomy":"product_brand","embeddable":true,"href":"https:\/\/inspital.com\/de\/wp-json\/wp\/v2\/product_brand?post=10958"},{"taxonomy":"product_cat","embeddable":true,"href":"https:\/\/inspital.com\/de\/wp-json\/wp\/v2\/product_cat?post=10958"},{"taxonomy":"product_tag","embeddable":true,"href":"https:\/\/inspital.com\/de\/wp-json\/wp\/v2\/product_tag?post=10958"}],"curies":[{"name":"wp","href":"https:\/\/api.w.org\/{rel}","templated":true}]}}