{"id":10322,"date":"2025-05-08T10:16:11","date_gmt":"2025-05-08T07:16:11","guid":{"rendered":"https:\/\/inspital.com\/?post_type=product&#038;p=10322"},"modified":"2026-04-10T13:56:51","modified_gmt":"2026-04-10T10:56:51","slug":"gel-kopfring-ot60-51","status":"publish","type":"product","link":"https:\/\/inspital.com\/de\/produkt\/gel-kopfring-fuer-paediatrisch-ot60-51\/","title":{"rendered":"Gel Kopfring, P\u00e4diatrisch OT60.51"},"content":{"rendered":"","protected":false},"excerpt":{"rendered":"<div class=\"detail\">\n<div class=\"cnt\">\n<div class=\"detail\">\n<div class=\"cnt\">\n<div class=\"detail\">\n<div class=\"cnt\">\n<div class=\"detail\">\n<div class=\"cnt\">\n<p>Dekubitusprophylaxe w\u00e4hrend der OP<\/p>\n<p>Vielseitige Lagerungshilfen f\u00fcr eine fachgem\u00e4\u00dfe Positionierung von Patienten im Operationssaal um Druckbelastungen zu mindern.mindern.<\/p>\n<\/div>\n<\/div>\n<\/div>\n<\/div>\n<\/div>\n<\/div>\n<\/div>\n<\/div>\n","protected":false},"featured_media":3287,"template":"","meta":{"_acf_changed":false},"product_brand":[],"product_cat":[33,330,476,324,326,641,252,321,662,211,300,298,658,254,248,332,244,209,650,318,213,637],"product_tag":[],"class_list":{"0":"post-10322","1":"product","2":"type-product","3":"status-publish","4":"has-post-thumbnail","6":"product_cat-op-tisch","7":"product_cat-aufbau-op-tisch","8":"product_cat-firmen-fuer-medizintechnik","9":"product_cat-gel-pads","10":"product_cat-gelkissen","11":"product_cat-krankenhaus-op-tisch","12":"product_cat-lagerung-op-tisch","13":"product_cat-lagerung-operationstisch","14":"product_cat-lagerungshilfen-op-tisch","15":"product_cat-mobiler-operationstisch","16":"product_cat-op-tisch-kaufen","17":"product_cat-op-tisch-systeme","18":"product_cat-op-tisch-hersteller","19":"product_cat-op-tisch-instrumente","20":"product_cat-op-tisch-polster","21":"product_cat-op-tisch-vorbereiten","22":"product_cat-op-tisch-zubehoer","23":"product_cat-operationstisch","24":"product_cat-operationstisch-bilder","25":"product_cat-operationstisch-kaufen","26":"product_cat-operationstisch-zubehoer","27":"product_cat-patient-op-tisch","29":"first","30":"instock","31":"taxable","32":"shipping-taxable","33":"purchasable","34":"product-type-simple"},"acf":{"seo_title_01":"","seo_text_01":""},"_links":{"self":[{"href":"https:\/\/inspital.com\/de\/wp-json\/wp\/v2\/product\/10322","targetHints":{"allow":["GET"]}}],"collection":[{"href":"https:\/\/inspital.com\/de\/wp-json\/wp\/v2\/product"}],"about":[{"href":"https:\/\/inspital.com\/de\/wp-json\/wp\/v2\/types\/product"}],"version-history":[{"count":2,"href":"https:\/\/inspital.com\/de\/wp-json\/wp\/v2\/product\/10322\/revisions"}],"predecessor-version":[{"id":13190,"href":"https:\/\/inspital.com\/de\/wp-json\/wp\/v2\/product\/10322\/revisions\/13190"}],"wp:featuredmedia":[{"embeddable":true,"href":"https:\/\/inspital.com\/de\/wp-json\/wp\/v2\/media\/3287"}],"wp:attachment":[{"href":"https:\/\/inspital.com\/de\/wp-json\/wp\/v2\/media?parent=10322"}],"wp:term":[{"taxonomy":"product_brand","embeddable":true,"href":"https:\/\/inspital.com\/de\/wp-json\/wp\/v2\/product_brand?post=10322"},{"taxonomy":"product_cat","embeddable":true,"href":"https:\/\/inspital.com\/de\/wp-json\/wp\/v2\/product_cat?post=10322"},{"taxonomy":"product_tag","embeddable":true,"href":"https:\/\/inspital.com\/de\/wp-json\/wp\/v2\/product_tag?post=10322"}],"curies":[{"name":"wp","href":"https:\/\/api.w.org\/{rel}","templated":true}]}}