{"id":6591,"date":"2025-04-10T14:05:08","date_gmt":"2025-04-10T11:05:08","guid":{"rendered":"https:\/\/inspital.com\/?page_id=6591"},"modified":"2026-02-17T12:14:44","modified_gmt":"2026-02-17T09:14:44","slug":"impressum","status":"publish","type":"page","link":"https:\/\/inspital.com\/de\/impressum\/","title":{"rendered":"Impressum"},"content":{"rendered":"\t\t<div data-elementor-type=\"wp-page\" data-elementor-id=\"6591\" class=\"elementor elementor-6591\" data-elementor-post-type=\"page\">\n\t\t\t\t<div class=\"wd-negative-gap elementor-element elementor-element-08e0108 wd-section-stretch e-flex e-con-boxed e-con e-parent\" data-id=\"08e0108\" data-element_type=\"container\" data-e-type=\"container\" data-settings=\"{&quot;background_background&quot;:&quot;classic&quot;}\">\n\t\t\t\t\t<div class=\"e-con-inner\">\n\t\t<div class=\"elementor-element elementor-element-f54ba50 e-con-full e-flex e-con e-child\" data-id=\"f54ba50\" data-element_type=\"container\" data-e-type=\"container\">\n\t\t\t\t<div class=\"elementor-element elementor-element-28a7c7a elementor-widget elementor-widget-heading\" data-id=\"28a7c7a\" data-element_type=\"widget\" data-e-type=\"widget\" data-widget_type=\"heading.default\">\n\t\t\t\t<div class=\"elementor-widget-container\">\n\t\t\t\t\t<h1 class=\"elementor-heading-title elementor-size-default\">Impressum<\/h1>\t\t\t\t<\/div>\n\t\t\t\t<\/div>\n\t\t\t\t<div class=\"elementor-element elementor-element-7bc4ed4 wd-nowrap-md wd-el-breadcrumbs text-left elementor-widget elementor-widget-wd_wc_breadcrumb\" data-id=\"7bc4ed4\" data-element_type=\"widget\" data-e-type=\"widget\" data-widget_type=\"wd_wc_breadcrumb.default\">\n\t\t\t\t<div class=\"elementor-widget-container\">\n\t\t\t\t\t<nav class=\"wd-breadcrumbs woocommerce-breadcrumb\" aria-label=\"Breadcrumb\">\t\t\t\t<span class=\"wd-last\">\n\t\t\t\t\tStart\t\t\t\t<\/span>\n\t\t\t<\/nav>\t\t\t\t<\/div>\n\t\t\t\t<\/div>\n\t\t\t\t<\/div>\n\t\t<div class=\"elementor-element elementor-element-ec2fe17 e-con-full elementor-hidden-mobile e-flex e-con e-child\" data-id=\"ec2fe17\" data-element_type=\"container\" data-e-type=\"container\">\n\t\t\t\t<div class=\"elementor-element elementor-element-6638c7e elementor-widget elementor-widget-image\" data-id=\"6638c7e\" data-element_type=\"widget\" data-e-type=\"widget\" data-widget_type=\"image.default\">\n\t\t\t\t<div class=\"elementor-widget-container\">\n\t\t\t\t\t\t\t\t\t\t\t\t\t\t\t<img loading=\"lazy\" decoding=\"async\" width=\"1024\" height=\"291\" src=\"https:\/\/inspital.com\/wp-content\/uploads\/2024\/03\/Benotigen-Sie-Hilfe-1024x291.png\" class=\"attachment-large size-large wp-image-12182\" alt=\"\" srcset=\"https:\/\/inspital.com\/wp-content\/uploads\/2024\/03\/Benotigen-Sie-Hilfe-1024x291.png 1024w, https:\/\/inspital.com\/wp-content\/uploads\/2024\/03\/Benotigen-Sie-Hilfe-300x85.png 300w, https:\/\/inspital.com\/wp-content\/uploads\/2024\/03\/Benotigen-Sie-Hilfe-768x218.png 768w, https:\/\/inspital.com\/wp-content\/uploads\/2024\/03\/Benotigen-Sie-Hilfe-1200x341.png 1200w, https:\/\/inspital.com\/wp-content\/uploads\/2024\/03\/Benotigen-Sie-Hilfe-150x43.png 150w, https:\/\/inspital.com\/wp-content\/uploads\/2024\/03\/Benotigen-Sie-Hilfe.png 1408w\" sizes=\"auto, (max-width: 1024px) 100vw, 1024px\" \/>\t\t\t\t\t\t\t\t\t\t\t\t\t\t\t<\/div>\n\t\t\t\t<\/div>\n\t\t\t\t<div class=\"elementor-element elementor-element-c7b83a9 elementor-widget elementor-widget-wd_text_block\" data-id=\"c7b83a9\" data-element_type=\"widget\" data-e-type=\"widget\" data-widget_type=\"wd_text_block.default\">\n\t\t\t\t<div class=\"elementor-widget-container\">\n\t\t\t\t\t\t\t<div class=\"wd-text-block reset-last-child text-left color-title color-scheme-dark\">\n\t\t\t\n\t\t\t<p>Ben\u00f6tigen Sie Hilfe?<span style=\"font-size: 16px;\"><\/span><\/p>\n\t\t\t\t\t<\/div>\n\t\t\t\t\t\t<\/div>\n\t\t\t\t<\/div>\n\t\t\t\t<div class=\"elementor-element elementor-element-6176918 elementor-widget elementor-widget-button\" data-id=\"6176918\" data-element_type=\"widget\" data-e-type=\"widget\" data-widget_type=\"button.default\">\n\t\t\t\t<div class=\"elementor-widget-container\">\n\t\t\t\t\t\t\t\t\t<div class=\"elementor-button-wrapper\">\n\t\t\t\t\t<a class=\"elementor-button elementor-size-sm\" role=\"button\">\n\t\t\t\t\t\t<span class=\"elementor-button-content-wrapper\">\n\t\t\t\t\t\t<span class=\"elementor-button-icon\">\n\t\t\t\t<svg aria-hidden=\"true\" class=\"e-font-icon-svg e-fas-arrow-right\" viewBox=\"0 0 448 512\" xmlns=\"http:\/\/www.w3.org\/2000\/svg\"><path d=\"M190.5 66.9l22.2-22.2c9.4-9.4 24.6-9.4 33.9 0L441 239c9.4 9.4 9.4 24.6 0 33.9L246.6 467.3c-9.4 9.4-24.6 9.4-33.9 0l-22.2-22.2c-9.5-9.5-9.3-25 .4-34.3L311.4 296H24c-13.3 0-24-10.7-24-24v-32c0-13.3 10.7-24 24-24h287.4L190.9 101.2c-9.8-9.3-10-24.8-.4-34.3z\"><\/path><\/svg>\t\t\t<\/span>\n\t\t\t\t\t\t\t\t\t<span class=\"elementor-button-text\">Mehr Erfahren<\/span>\n\t\t\t\t\t<\/span>\n\t\t\t\t\t<\/a>\n\t\t\t\t<\/div>\n\t\t\t\t\t\t\t\t<\/div>\n\t\t\t\t<\/div>\n\t\t\t\t<\/div>\n\t\t\t\t\t<\/div>\n\t\t\t\t<\/div>\n\t\t<div class=\"elementor-element elementor-element-54dc60d e-con-full e-flex e-con e-child\" data-id=\"54dc60d\" data-element_type=\"container\" data-e-type=\"container\">\n\t\t<div class=\"elementor-element elementor-element-ae8ff0e e-con-full e-flex e-con e-child\" data-id=\"ae8ff0e\" data-element_type=\"container\" data-e-type=\"container\" data-settings=\"{&quot;background_background&quot;:&quot;classic&quot;}\">\n\t\t\t\t<div class=\"elementor-element elementor-element-c23de8d color-scheme-inherit text-left elementor-widget elementor-widget-text-editor\" data-id=\"c23de8d\" data-element_type=\"widget\" data-e-type=\"widget\" data-widget_type=\"text-editor.default\">\n\t\t\t\t<div class=\"elementor-widget-container\">\n\t\t\t\t\t\t\t\t\t<h1>Impressum<\/h1>\n\n<p>Inspital Medical Technology GmbH<br \/>\nMosel Str. 23<br \/>\n41464 Neuss<\/p>\n\n<p>Handelsregister: HRB 86533<br \/>\nRegistergericht: Amtsgericht D&uuml;sseldorf<\/p>\n\n<p><strong>Vertreten durch:<\/strong><br \/>\nGesch&auml;ftsf&uuml;hrer: <br \/>\n\u0130brahim Elis<br \/>\nTaha Beser<\/p>\n\n<h2>Kontakt<\/h2>\n<p>Telefon: +49 2131 291 75 00<br \/>\nE-Mail: info@inspital.com<\/p>\n\n<h2>Umsatzsteuer-ID<\/h2>\n<p>Umsatzsteuer-Identifikationsnummer gem&auml;&szlig; &sect; 27 a Umsatzsteuergesetz:<br \/>\nDE 324739636<\/p>\n\n<h2>Redaktionell verantwortlich<\/h2>\n<p>Taha Beser, Mosel Str. 23 41464 Neuss<\/p>\n\n<h2>Verbraucher&shy;streit&shy;beilegung\/Universal&shy;schlichtungs&shy;stelle<\/h2>\n<p>Wir sind nicht bereit oder verpflichtet, an Streitbeilegungsverfahren vor einer Verbraucherschlichtungsstelle teilzunehmen.<\/p>\n\nVerweise und Links\nDiese Website kann Hyperlinks auf Webseiten Dritter enthalten. Inspital Medical Technology GmbH erkl\u00e4rt hiermit ausdr\u00fccklich, dass zum Zeitpunkt der Linksetzung keine illegalen Inhalte auf den zu verlinkenden Seiten erkennbar waren. Auf die aktuelle und zuk\u00fcnftige Gestaltung, die Inhalte oder die Urheberschaft der gelinkten\/verkn\u00fcpften Seiten hat Inspital Medical Technology GmbH keinerlei Einfluss. Inspital Medical Technology \u00fcbernimmt f\u00fcr die Inhalte dieser Webseiten weder eine Verantwortung noch macht Inspital Medical Technology GmbH sich diese Webseiten und ihre Inhalte zu eigen, da Inspital Medical Technology GmbH die verlinkten Informationen nicht kontrolliert und f\u00fcr die dort bereit gehaltenen Inhalte und Informationen auch nicht verantwortlich ist. Deren Nutzung erfolgt auf eigenes Risiko des Nutzers.\n\nUrheberrecht und Markenschutz\nAlle Rechte vorbehalten. Alle Texte, Bilder, Grafiken, Mulitmediadateien sowie das Layout unterliegen dem Urheberrecht und den Gesetzen zum Schutz geistigen Eigentums. Eine Weiterverwertung bedarf der ausdr\u00fccklichen Zustimmung der Inspital Medical Technology GmbH.\nSofern Teile oder einzelne Formulierungen dieses Textes der geltenden Rechtslage nicht, nicht mehr oder nicht vollst\u00e4ndig entsprechen sollten, bleiben die \u00fcbrigen Teile des Dokumentes in ihrem Inhalt und ihrer G\u00fcltigkeit davon unber\u00fchrt.\t\t\t\t\t\t\t\t<\/div>\n\t\t\t\t<\/div>\n\t\t\t\t<\/div>\n\t\t\t\t<\/div>\n\t\t\t\t<\/div>\n\t\t","protected":false},"excerpt":{"rendered":"<p>Impressum Home Ben\u00f6tigen Sie Hilfe? Mehr Erfahren Impressum Inspital Medical Technology GmbH Mosel Str. 23 41464 Neuss Handelsregister: HRB 86533<\/p>\n","protected":false},"author":1,"featured_media":0,"parent":0,"menu_order":0,"comment_status":"closed","ping_status":"closed","template":"","meta":{"_acf_changed":false,"footnotes":""},"class_list":["post-6591","page","type-page","status-publish","hentry"],"acf":[],"_links":{"self":[{"href":"https:\/\/inspital.com\/de\/wp-json\/wp\/v2\/pages\/6591","targetHints":{"allow":["GET"]}}],"collection":[{"href":"https:\/\/inspital.com\/de\/wp-json\/wp\/v2\/pages"}],"about":[{"href":"https:\/\/inspital.com\/de\/wp-json\/wp\/v2\/types\/page"}],"author":[{"embeddable":true,"href":"https:\/\/inspital.com\/de\/wp-json\/wp\/v2\/users\/1"}],"replies":[{"embeddable":true,"href":"https:\/\/inspital.com\/de\/wp-json\/wp\/v2\/comments?post=6591"}],"version-history":[{"count":9,"href":"https:\/\/inspital.com\/de\/wp-json\/wp\/v2\/pages\/6591\/revisions"}],"predecessor-version":[{"id":17006,"href":"https:\/\/inspital.com\/de\/wp-json\/wp\/v2\/pages\/6591\/revisions\/17006"}],"wp:attachment":[{"href":"https:\/\/inspital.com\/de\/wp-json\/wp\/v2\/media?parent=6591"}],"curies":[{"name":"wp","href":"https:\/\/api.w.org\/{rel}","templated":true}]}}