{"id":2396,"date":"2025-02-25T12:42:29","date_gmt":"2025-02-25T09:42:29","guid":{"rendered":"https:\/\/inspital.com\/?page_id=2396"},"modified":"2025-07-21T15:44:31","modified_gmt":"2025-07-21T12:44:31","slug":"kunden-kommentare","status":"publish","type":"page","link":"https:\/\/inspital.com\/de\/kunden-kommentare\/","title":{"rendered":"Kunden-Kommentare"},"content":{"rendered":"\t\t<div data-elementor-type=\"wp-page\" data-elementor-id=\"2396\" class=\"elementor elementor-2396\" data-elementor-post-type=\"page\">\n\t\t\t\t<div class=\"wd-negative-gap elementor-element elementor-element-9af4510 wd-section-stretch e-flex e-con-boxed e-con e-parent\" data-id=\"9af4510\" data-element_type=\"container\" data-e-type=\"container\" data-settings=\"{&quot;background_background&quot;:&quot;classic&quot;}\">\n\t\t\t\t\t<div class=\"e-con-inner\">\n\t\t<div class=\"elementor-element elementor-element-a973b7d e-con-full e-flex e-con e-child\" data-id=\"a973b7d\" data-element_type=\"container\" data-e-type=\"container\">\n\t\t\t\t<div class=\"elementor-element elementor-element-b35e010 elementor-widget elementor-widget-heading\" data-id=\"b35e010\" data-element_type=\"widget\" data-e-type=\"widget\" data-widget_type=\"heading.default\">\n\t\t\t\t<div class=\"elementor-widget-container\">\n\t\t\t\t\t<h1 class=\"elementor-heading-title elementor-size-default\">Kunden-Kommentare<\/h1>\t\t\t\t<\/div>\n\t\t\t\t<\/div>\n\t\t\t\t<div class=\"elementor-element elementor-element-b8e0e54 wd-nowrap-md wd-el-breadcrumbs text-left elementor-widget elementor-widget-wd_wc_breadcrumb\" data-id=\"b8e0e54\" data-element_type=\"widget\" data-e-type=\"widget\" data-widget_type=\"wd_wc_breadcrumb.default\">\n\t\t\t\t<div class=\"elementor-widget-container\">\n\t\t\t\t\t<nav class=\"wd-breadcrumbs woocommerce-breadcrumb\" aria-label=\"Breadcrumb\">\t\t\t\t<span class=\"wd-last\">\n\t\t\t\t\tStart\t\t\t\t<\/span>\n\t\t\t<\/nav>\t\t\t\t<\/div>\n\t\t\t\t<\/div>\n\t\t\t\t<\/div>\n\t\t<div class=\"elementor-element elementor-element-61a4f0d e-con-full elementor-hidden-mobile e-flex e-con e-child\" data-id=\"61a4f0d\" data-element_type=\"container\" data-e-type=\"container\">\n\t\t\t\t<div class=\"elementor-element elementor-element-dd71220 elementor-widget elementor-widget-image\" data-id=\"dd71220\" data-element_type=\"widget\" data-e-type=\"widget\" data-widget_type=\"image.default\">\n\t\t\t\t<div class=\"elementor-widget-container\">\n\t\t\t\t\t\t\t\t\t\t\t\t\t\t\t<img loading=\"lazy\" decoding=\"async\" width=\"1024\" height=\"291\" src=\"https:\/\/inspital.com\/wp-content\/uploads\/2024\/03\/Benotigen-Sie-Hilfe-1024x291.png\" class=\"attachment-large size-large wp-image-12182\" alt=\"\" srcset=\"https:\/\/inspital.com\/wp-content\/uploads\/2024\/03\/Benotigen-Sie-Hilfe-1024x291.png 1024w, https:\/\/inspital.com\/wp-content\/uploads\/2024\/03\/Benotigen-Sie-Hilfe-300x85.png 300w, https:\/\/inspital.com\/wp-content\/uploads\/2024\/03\/Benotigen-Sie-Hilfe-768x218.png 768w, https:\/\/inspital.com\/wp-content\/uploads\/2024\/03\/Benotigen-Sie-Hilfe-1200x341.png 1200w, https:\/\/inspital.com\/wp-content\/uploads\/2024\/03\/Benotigen-Sie-Hilfe-150x43.png 150w, https:\/\/inspital.com\/wp-content\/uploads\/2024\/03\/Benotigen-Sie-Hilfe.png 1408w\" sizes=\"auto, (max-width: 1024px) 100vw, 1024px\" \/>\t\t\t\t\t\t\t\t\t\t\t\t\t\t\t<\/div>\n\t\t\t\t<\/div>\n\t\t\t\t<div class=\"elementor-element elementor-element-c540c2f elementor-widget elementor-widget-wd_text_block\" data-id=\"c540c2f\" data-element_type=\"widget\" data-e-type=\"widget\" data-widget_type=\"wd_text_block.default\">\n\t\t\t\t<div class=\"elementor-widget-container\">\n\t\t\t\t\t\t\t<div class=\"wd-text-block reset-last-child text-left color-title color-scheme-dark\">\n\t\t\t\n\t\t\t<p>Ben\u00f6tigen Sie Hilfe?<span style=\"font-size: 16px;\"><\/span><\/p>\n\t\t\t\t\t<\/div>\n\t\t\t\t\t\t<\/div>\n\t\t\t\t<\/div>\n\t\t\t\t<div class=\"elementor-element elementor-element-aa01d56 elementor-widget elementor-widget-button\" data-id=\"aa01d56\" data-element_type=\"widget\" data-e-type=\"widget\" data-widget_type=\"button.default\">\n\t\t\t\t<div class=\"elementor-widget-container\">\n\t\t\t\t\t\t\t\t\t<div class=\"elementor-button-wrapper\">\n\t\t\t\t\t<a class=\"elementor-button elementor-size-sm\" role=\"button\">\n\t\t\t\t\t\t<span class=\"elementor-button-content-wrapper\">\n\t\t\t\t\t\t<span class=\"elementor-button-icon\">\n\t\t\t\t<svg aria-hidden=\"true\" class=\"e-font-icon-svg e-fas-arrow-right\" viewBox=\"0 0 448 512\" xmlns=\"http:\/\/www.w3.org\/2000\/svg\"><path d=\"M190.5 66.9l22.2-22.2c9.4-9.4 24.6-9.4 33.9 0L441 239c9.4 9.4 9.4 24.6 0 33.9L246.6 467.3c-9.4 9.4-24.6 9.4-33.9 0l-22.2-22.2c-9.5-9.5-9.3-25 .4-34.3L311.4 296H24c-13.3 0-24-10.7-24-24v-32c0-13.3 10.7-24 24-24h287.4L190.9 101.2c-9.8-9.3-10-24.8-.4-34.3z\"><\/path><\/svg>\t\t\t<\/span>\n\t\t\t\t\t\t\t\t\t<span class=\"elementor-button-text\">Mehr Erfahren<\/span>\n\t\t\t\t\t<\/span>\n\t\t\t\t\t<\/a>\n\t\t\t\t<\/div>\n\t\t\t\t\t\t\t\t<\/div>\n\t\t\t\t<\/div>\n\t\t\t\t<\/div>\n\t\t\t\t\t<\/div>\n\t\t\t\t<\/div>\n\t\t<div class=\"elementor-element elementor-element-08bbf9a e-con-full wd-section-stretch e-flex e-con e-parent\" data-id=\"08bbf9a\" data-element_type=\"container\" data-e-type=\"container\">\n\t\t\t\t<div class=\"elementor-element elementor-element-1118f6a elementor--star-style-star_unicode elementor-review--has-separator elementor-widget elementor-widget-reviews\" data-id=\"1118f6a\" data-element_type=\"widget\" data-e-type=\"widget\" data-settings=\"{&quot;slides_per_view&quot;:&quot;4&quot;,&quot;speed&quot;:4000,&quot;space_between&quot;:{&quot;unit&quot;:&quot;px&quot;,&quot;size&quot;:50,&quot;sizes&quot;:[]},&quot;autoplay_speed&quot;:2000,&quot;slides_per_view_laptop&quot;:&quot;3&quot;,&quot;slides_per_view_tablet&quot;:&quot;2&quot;,&quot;autoplay&quot;:&quot;yes&quot;,&quot;loop&quot;:&quot;yes&quot;,&quot;space_between_laptop&quot;:{&quot;unit&quot;:&quot;px&quot;,&quot;size&quot;:10,&quot;sizes&quot;:[]},&quot;space_between_tablet&quot;:{&quot;unit&quot;:&quot;px&quot;,&quot;size&quot;:10,&quot;sizes&quot;:[]},&quot;space_between_mobile&quot;:{&quot;unit&quot;:&quot;px&quot;,&quot;size&quot;:10,&quot;sizes&quot;:[]}}\" data-widget_type=\"reviews.default\">\n\t\t\t\t<div class=\"elementor-widget-container\">\n\t\t\t\t\t\t\t\t\t<div class=\"elementor-swiper\">\n\t\t\t\t\t<div class=\"elementor-main-swiper swiper\" role=\"region\" aria-roledescription=\"carousel\" aria-label=\"Slider\">\n\t\t\t\t<div class=\"swiper-wrapper\">\n\t\t\t\t\t\t\t\t\t\t\t<div class=\"swiper-slide\" role=\"group\" aria-roledescription=\"slide\">\n\t\t\t\t\t\t\t\t\t<div class=\"elementor-testimonial elementor-repeater-item-c1066c4\">\n\t\t\t\t\t\t\t<div class=\"elementor-testimonial__header\">\n\t\t\t\t\t\t\t\t\t\t<cite class=\"elementor-testimonial__cite\"><span class=\"elementor-testimonial__name\">Dinuru Hulangamuwa<\/span><div class=\"elementor-star-rating\"><i class=\"elementor-star-full\">&#9733;<\/i><i class=\"elementor-star-full\">&#9733;<\/i><i class=\"elementor-star-full\">&#9733;<\/i><i class=\"elementor-star-full\">&#9733;<\/i><i class=\"elementor-star-full\">&#9733;<\/i><\/div><\/cite>\t\t\t\t\t<div class=\"elementor-testimonial__icon elementor-icon elementor-icon-\" aria-label=\"Weiterlesen\"><svg xmlns=\"http:\/\/www.w3.org\/2000\/svg\" id=\"Ebene_2\" data-name=\"Ebene 2\" viewBox=\"0 0 100 100\"><defs><style>      .cls-1 {        fill: #f9bb17;      }      .cls-1, .cls-2, .cls-3, .cls-4 {        stroke-width: 0px;      }      .cls-2 {        fill: #527dbf;      }      .cls-3 {        fill: #31a951;      }      .cls-4 {        fill: #ea4435;      }    <\/style><\/defs><g id=\"Layer_1\" data-name=\"Layer 1\"><g><path class=\"cls-2\" d=\"m99.19,41.03h-48.87v18.27h29.01c-2.01,6.32-6,11.76-11.25,15.59l14.11,13.35c8.63-7.28,14.77-17.42,16.94-28.94.58-3.01.87-6.12.87-9.29s-.28-6.06-.81-8.97Z\"><\/path><path class=\"cls-3\" d=\"m68.08,74.88c-5.08,3.7-11.33,5.88-18.08,5.88-13.14,0-24.38-8.28-28.78-19.88l-15.22,12.85c8.47,15.63,25.01,26.26,44,26.26,12.25,0,23.49-4.43,32.19-11.77l-14.11-13.35Z\"><\/path><path class=\"cls-1\" d=\"m21.3,38.89l-15.73-11.8c-3.56,6.87-5.57,14.66-5.57,22.91s2.17,16.67,6,23.74l15.22-12.85c-1.28-3.38-1.99-7.05-1.99-10.88s.74-7.66,2.07-11.11Z\"><\/path><path class=\"cls-4\" d=\"m50,0C30.68,0,13.88,11.01,5.57,27.09l15.73,11.8c4.47-11.49,15.65-19.66,28.7-19.66,7.83,0,14.99,2.94,20.43,7.78l13.6-13.6C75.1,5.09,63.13,0,50,0Z\"><\/path><\/g><\/g><\/svg><\/div>\t\t\t\t<\/div>\n\t\t\t\t\t\t\t\t\t\t<div class=\"elementor-testimonial__content\">\n\t\t\t\t\t<div class=\"elementor-testimonial__text\">\n\t\t\t\t\t\tWe have been working with Inspital for the last 2 years and we have completed few medical gas projects in Sri Lanka, so far all our customers are happy with the projects completed with Inspital products and also we are happy with the assistance they provide to overlook and complete each project.\t\t\t\t\t<\/div>\n\t\t\t\t<\/div>\n\t\t\t\t\t<\/div>\n\t\t\t\t\t\t\t\t<\/div>\n\t\t\t\t\t\t\t\t\t\t\t<div class=\"swiper-slide\" role=\"group\" aria-roledescription=\"slide\">\n\t\t\t\t\t\t\t\t\t<div class=\"elementor-testimonial elementor-repeater-item-0225b6e\">\n\t\t\t\t\t\t\t<div class=\"elementor-testimonial__header\">\n\t\t\t\t\t\t\t\t\t\t<cite class=\"elementor-testimonial__cite\"><span class=\"elementor-testimonial__name\">Vi\u1ec7t Mai<\/span><div class=\"elementor-star-rating\"><i class=\"elementor-star-full\">&#9733;<\/i><i class=\"elementor-star-full\">&#9733;<\/i><i class=\"elementor-star-full\">&#9733;<\/i><i class=\"elementor-star-full\">&#9733;<\/i><i class=\"elementor-star-full\">&#9733;<\/i><\/div><\/cite>\t\t\t\t\t<div class=\"elementor-testimonial__icon elementor-icon elementor-icon-\" aria-label=\"Weiterlesen\"><svg xmlns=\"http:\/\/www.w3.org\/2000\/svg\" id=\"Ebene_2\" data-name=\"Ebene 2\" viewBox=\"0 0 100 100\"><defs><style>      .cls-1 {        fill: #f9bb17;      }      .cls-1, .cls-2, .cls-3, .cls-4 {        stroke-width: 0px;      }      .cls-2 {        fill: #527dbf;      }      .cls-3 {        fill: #31a951;      }      .cls-4 {        fill: #ea4435;      }    <\/style><\/defs><g id=\"Layer_1\" data-name=\"Layer 1\"><g><path class=\"cls-2\" d=\"m99.19,41.03h-48.87v18.27h29.01c-2.01,6.32-6,11.76-11.25,15.59l14.11,13.35c8.63-7.28,14.77-17.42,16.94-28.94.58-3.01.87-6.12.87-9.29s-.28-6.06-.81-8.97Z\"><\/path><path class=\"cls-3\" d=\"m68.08,74.88c-5.08,3.7-11.33,5.88-18.08,5.88-13.14,0-24.38-8.28-28.78-19.88l-15.22,12.85c8.47,15.63,25.01,26.26,44,26.26,12.25,0,23.49-4.43,32.19-11.77l-14.11-13.35Z\"><\/path><path class=\"cls-1\" d=\"m21.3,38.89l-15.73-11.8c-3.56,6.87-5.57,14.66-5.57,22.91s2.17,16.67,6,23.74l15.22-12.85c-1.28-3.38-1.99-7.05-1.99-10.88s.74-7.66,2.07-11.11Z\"><\/path><path class=\"cls-4\" d=\"m50,0C30.68,0,13.88,11.01,5.57,27.09l15.73,11.8c4.47-11.49,15.65-19.66,28.7-19.66,7.83,0,14.99,2.94,20.43,7.78l13.6-13.6C75.1,5.09,63.13,0,50,0Z\"><\/path><\/g><\/g><\/svg><\/div>\t\t\t\t<\/div>\n\t\t\t\t\t\t\t\t\t\t<div class=\"elementor-testimonial__content\">\n\t\t\t\t\t<div class=\"elementor-testimonial__text\">\n\t\t\t\t\t\tSo glad to have a chance to collaborate with Inspital team in some projects in Viet Nam. Their medical equipment always meets our demand.\n\nAbout their team, they support us in all cases with friendly and cheerful attitude.\n\nHope that we could collaborate with Inspital Team in the long run.\t\t\t\t\t<\/div>\n\t\t\t\t<\/div>\n\t\t\t\t\t<\/div>\n\t\t\t\t\t\t\t\t<\/div>\n\t\t\t\t\t\t\t\t\t\t\t<div class=\"swiper-slide\" role=\"group\" aria-roledescription=\"slide\">\n\t\t\t\t\t\t\t\t\t<div class=\"elementor-testimonial elementor-repeater-item-bc0f240\">\n\t\t\t\t\t\t\t<div class=\"elementor-testimonial__header\">\n\t\t\t\t\t\t\t\t\t\t<cite class=\"elementor-testimonial__cite\"><span class=\"elementor-testimonial__name\">Etleva Muhaxhiri<\/span><div class=\"elementor-star-rating\"><i class=\"elementor-star-full\">&#9733;<\/i><i class=\"elementor-star-full\">&#9733;<\/i><i class=\"elementor-star-full\">&#9733;<\/i><i class=\"elementor-star-full\">&#9733;<\/i><i class=\"elementor-star-full\">&#9733;<\/i><\/div><\/cite>\t\t\t\t\t<div class=\"elementor-testimonial__icon elementor-icon elementor-icon-\" aria-label=\"Weiterlesen\"><svg xmlns=\"http:\/\/www.w3.org\/2000\/svg\" id=\"Ebene_2\" data-name=\"Ebene 2\" viewBox=\"0 0 100 100\"><defs><style>      .cls-1 {        fill: #f9bb17;      }      .cls-1, .cls-2, .cls-3, .cls-4 {        stroke-width: 0px;      }      .cls-2 {        fill: #527dbf;      }      .cls-3 {        fill: #31a951;      }      .cls-4 {        fill: #ea4435;      }    <\/style><\/defs><g id=\"Layer_1\" data-name=\"Layer 1\"><g><path class=\"cls-2\" d=\"m99.19,41.03h-48.87v18.27h29.01c-2.01,6.32-6,11.76-11.25,15.59l14.11,13.35c8.63-7.28,14.77-17.42,16.94-28.94.58-3.01.87-6.12.87-9.29s-.28-6.06-.81-8.97Z\"><\/path><path class=\"cls-3\" d=\"m68.08,74.88c-5.08,3.7-11.33,5.88-18.08,5.88-13.14,0-24.38-8.28-28.78-19.88l-15.22,12.85c8.47,15.63,25.01,26.26,44,26.26,12.25,0,23.49-4.43,32.19-11.77l-14.11-13.35Z\"><\/path><path class=\"cls-1\" d=\"m21.3,38.89l-15.73-11.8c-3.56,6.87-5.57,14.66-5.57,22.91s2.17,16.67,6,23.74l15.22-12.85c-1.28-3.38-1.99-7.05-1.99-10.88s.74-7.66,2.07-11.11Z\"><\/path><path class=\"cls-4\" d=\"m50,0C30.68,0,13.88,11.01,5.57,27.09l15.73,11.8c4.47-11.49,15.65-19.66,28.7-19.66,7.83,0,14.99,2.94,20.43,7.78l13.6-13.6C75.1,5.09,63.13,0,50,0Z\"><\/path><\/g><\/g><\/svg><\/div>\t\t\t\t<\/div>\n\t\t\t\t\t\t\t\t\t\t<div class=\"elementor-testimonial__content\">\n\t\t\t\t\t<div class=\"elementor-testimonial__text\">\n\t\t\t\t\t\tA trusted partner, qualitative products.\nWe have been working for few years now and all our collaborations have been sucessfull thanks to their professionalism and qualitative products and services.\t\t\t\t\t<\/div>\n\t\t\t\t<\/div>\n\t\t\t\t\t<\/div>\n\t\t\t\t\t\t\t\t<\/div>\n\t\t\t\t\t\t\t\t\t\t\t<div class=\"swiper-slide\" role=\"group\" aria-roledescription=\"slide\">\n\t\t\t\t\t\t\t\t\t<div class=\"elementor-testimonial elementor-repeater-item-405e117\">\n\t\t\t\t\t\t\t<div class=\"elementor-testimonial__header\">\n\t\t\t\t\t\t\t\t\t\t<cite class=\"elementor-testimonial__cite\"><span class=\"elementor-testimonial__name\">Max Chang<\/span><div class=\"elementor-star-rating\"><i class=\"elementor-star-full\">&#9733;<\/i><i class=\"elementor-star-full\">&#9733;<\/i><i class=\"elementor-star-full\">&#9733;<\/i><i class=\"elementor-star-full\">&#9733;<\/i><i class=\"elementor-star-full\">&#9733;<\/i><\/div><\/cite>\t\t\t\t\t<div class=\"elementor-testimonial__icon elementor-icon elementor-icon-\" aria-label=\"Weiterlesen\"><svg xmlns=\"http:\/\/www.w3.org\/2000\/svg\" id=\"Ebene_2\" data-name=\"Ebene 2\" viewBox=\"0 0 100 100\"><defs><style>      .cls-1 {        fill: #f9bb17;      }      .cls-1, .cls-2, .cls-3, .cls-4 {        stroke-width: 0px;      }      .cls-2 {        fill: #527dbf;      }      .cls-3 {        fill: #31a951;      }      .cls-4 {        fill: #ea4435;      }    <\/style><\/defs><g id=\"Layer_1\" data-name=\"Layer 1\"><g><path class=\"cls-2\" d=\"m99.19,41.03h-48.87v18.27h29.01c-2.01,6.32-6,11.76-11.25,15.59l14.11,13.35c8.63-7.28,14.77-17.42,16.94-28.94.58-3.01.87-6.12.87-9.29s-.28-6.06-.81-8.97Z\"><\/path><path class=\"cls-3\" d=\"m68.08,74.88c-5.08,3.7-11.33,5.88-18.08,5.88-13.14,0-24.38-8.28-28.78-19.88l-15.22,12.85c8.47,15.63,25.01,26.26,44,26.26,12.25,0,23.49-4.43,32.19-11.77l-14.11-13.35Z\"><\/path><path class=\"cls-1\" d=\"m21.3,38.89l-15.73-11.8c-3.56,6.87-5.57,14.66-5.57,22.91s2.17,16.67,6,23.74l15.22-12.85c-1.28-3.38-1.99-7.05-1.99-10.88s.74-7.66,2.07-11.11Z\"><\/path><path class=\"cls-4\" d=\"m50,0C30.68,0,13.88,11.01,5.57,27.09l15.73,11.8c4.47-11.49,15.65-19.66,28.7-19.66,7.83,0,14.99,2.94,20.43,7.78l13.6-13.6C75.1,5.09,63.13,0,50,0Z\"><\/path><\/g><\/g><\/svg><\/div>\t\t\t\t<\/div>\n\t\t\t\t\t\t\t\t\t\t<div class=\"elementor-testimonial__content\">\n\t\t\t\t\t<div class=\"elementor-testimonial__text\">\n\t\t\t\t\t\tProfessional Medical equipment manufacturer.\nStaffs with good manner and cooperate with us very smoothly. It\u2019s a pleasure to ci-work with them and produce new products with excellent quality.\n\n\u5c08\u696d\u7684\u91ab\u7642\u5668\u6750\u88fd\u9020\u5546\uff0c\u54e1\u5de5\u7d20\u8cea\u597d\uff0c\u8207\u6211\u5011\u5408\u4f5c\u5730\u975e\u5e38\u878d\u6d3d\uff0c\u5f88\u958b\u5fc3\u80fd\u8207\u4ed6\u5011\u4e00\u8d77\u505a\u51fa\u8d85\u4e4e\u54c1\u8cea\u7684\u7522\u54c1\u3002\t\t\t\t\t<\/div>\n\t\t\t\t<\/div>\n\t\t\t\t\t<\/div>\n\t\t\t\t\t\t\t\t<\/div>\n\t\t\t\t\t\t\t\t\t\t\t<div class=\"swiper-slide\" role=\"group\" aria-roledescription=\"slide\">\n\t\t\t\t\t\t\t\t\t<div class=\"elementor-testimonial elementor-repeater-item-f8081fd\">\n\t\t\t\t\t\t\t<div class=\"elementor-testimonial__header\">\n\t\t\t\t\t\t\t\t\t\t<cite class=\"elementor-testimonial__cite\"><span class=\"elementor-testimonial__name\">Olga Rastorgueva<\/span><div class=\"elementor-star-rating\"><i class=\"elementor-star-full\">&#9733;<\/i><i class=\"elementor-star-full\">&#9733;<\/i><i class=\"elementor-star-full\">&#9733;<\/i><i class=\"elementor-star-full\">&#9733;<\/i><i class=\"elementor-star-full\">&#9733;<\/i><\/div><\/cite>\t\t\t\t\t<div class=\"elementor-testimonial__icon elementor-icon elementor-icon-\" aria-label=\"Weiterlesen\"><svg xmlns=\"http:\/\/www.w3.org\/2000\/svg\" id=\"Ebene_2\" data-name=\"Ebene 2\" viewBox=\"0 0 100 100\"><defs><style>      .cls-1 {        fill: #f9bb17;      }      .cls-1, .cls-2, .cls-3, .cls-4 {        stroke-width: 0px;      }      .cls-2 {        fill: #527dbf;      }      .cls-3 {        fill: #31a951;      }      .cls-4 {        fill: #ea4435;      }    <\/style><\/defs><g id=\"Layer_1\" data-name=\"Layer 1\"><g><path class=\"cls-2\" d=\"m99.19,41.03h-48.87v18.27h29.01c-2.01,6.32-6,11.76-11.25,15.59l14.11,13.35c8.63-7.28,14.77-17.42,16.94-28.94.58-3.01.87-6.12.87-9.29s-.28-6.06-.81-8.97Z\"><\/path><path class=\"cls-3\" d=\"m68.08,74.88c-5.08,3.7-11.33,5.88-18.08,5.88-13.14,0-24.38-8.28-28.78-19.88l-15.22,12.85c8.47,15.63,25.01,26.26,44,26.26,12.25,0,23.49-4.43,32.19-11.77l-14.11-13.35Z\"><\/path><path class=\"cls-1\" d=\"m21.3,38.89l-15.73-11.8c-3.56,6.87-5.57,14.66-5.57,22.91s2.17,16.67,6,23.74l15.22-12.85c-1.28-3.38-1.99-7.05-1.99-10.88s.74-7.66,2.07-11.11Z\"><\/path><path class=\"cls-4\" d=\"m50,0C30.68,0,13.88,11.01,5.57,27.09l15.73,11.8c4.47-11.49,15.65-19.66,28.7-19.66,7.83,0,14.99,2.94,20.43,7.78l13.6-13.6C75.1,5.09,63.13,0,50,0Z\"><\/path><\/g><\/g><\/svg><\/div>\t\t\t\t<\/div>\n\t\t\t\t\t\t\t\t\t\t<div class=\"elementor-testimonial__content\">\n\t\t\t\t\t<div class=\"elementor-testimonial__text\">\n\t\t\t\t\t\tWe are sincerely glad to work with INSPITAL. We are grateful for the attentive attitude to our requests, prompt work and open communication. We know we can always count on them.\n\t\t\t\t\t<\/div>\n\t\t\t\t<\/div>\n\t\t\t\t\t<\/div>\n\t\t\t\t\t\t\t\t<\/div>\n\t\t\t\t\t\t\t\t\t\t\t<div class=\"swiper-slide\" role=\"group\" aria-roledescription=\"slide\">\n\t\t\t\t\t\t\t\t\t<div class=\"elementor-testimonial elementor-repeater-item-c6e0f94\">\n\t\t\t\t\t\t\t<div class=\"elementor-testimonial__header\">\n\t\t\t\t\t\t\t\t\t\t<cite class=\"elementor-testimonial__cite\"><span class=\"elementor-testimonial__name\">Francesco Manes<\/span><div class=\"elementor-star-rating\"><i class=\"elementor-star-full\">&#9733;<\/i><i class=\"elementor-star-full\">&#9733;<\/i><i class=\"elementor-star-full\">&#9733;<\/i><i class=\"elementor-star-full\">&#9733;<\/i><i class=\"elementor-star-full\">&#9733;<\/i><\/div><\/cite>\t\t\t\t\t<div class=\"elementor-testimonial__icon elementor-icon elementor-icon-\" aria-label=\"Weiterlesen\"><svg xmlns=\"http:\/\/www.w3.org\/2000\/svg\" id=\"Ebene_2\" data-name=\"Ebene 2\" viewBox=\"0 0 100 100\"><defs><style>      .cls-1 {        fill: #f9bb17;      }      .cls-1, .cls-2, .cls-3, .cls-4 {        stroke-width: 0px;      }      .cls-2 {        fill: #527dbf;      }      .cls-3 {        fill: #31a951;      }      .cls-4 {        fill: #ea4435;      }    <\/style><\/defs><g id=\"Layer_1\" data-name=\"Layer 1\"><g><path class=\"cls-2\" d=\"m99.19,41.03h-48.87v18.27h29.01c-2.01,6.32-6,11.76-11.25,15.59l14.11,13.35c8.63-7.28,14.77-17.42,16.94-28.94.58-3.01.87-6.12.87-9.29s-.28-6.06-.81-8.97Z\"><\/path><path class=\"cls-3\" d=\"m68.08,74.88c-5.08,3.7-11.33,5.88-18.08,5.88-13.14,0-24.38-8.28-28.78-19.88l-15.22,12.85c8.47,15.63,25.01,26.26,44,26.26,12.25,0,23.49-4.43,32.19-11.77l-14.11-13.35Z\"><\/path><path class=\"cls-1\" d=\"m21.3,38.89l-15.73-11.8c-3.56,6.87-5.57,14.66-5.57,22.91s2.17,16.67,6,23.74l15.22-12.85c-1.28-3.38-1.99-7.05-1.99-10.88s.74-7.66,2.07-11.11Z\"><\/path><path class=\"cls-4\" d=\"m50,0C30.68,0,13.88,11.01,5.57,27.09l15.73,11.8c4.47-11.49,15.65-19.66,28.7-19.66,7.83,0,14.99,2.94,20.43,7.78l13.6-13.6C75.1,5.09,63.13,0,50,0Z\"><\/path><\/g><\/g><\/svg><\/div>\t\t\t\t<\/div>\n\t\t\t\t\t\t\t\t\t\t<div class=\"elementor-testimonial__content\">\n\t\t\t\t\t<div class=\"elementor-testimonial__text\">\n\t\t\t\t\t\tF\u00fcr mich ist es eine Freude, mit der Firma INSPITAL zusammenzuarbeiten, die \u00fcber kluge, seri\u00f6se und professionelle Mitarbeiter f\u00fcr alle Angelegenheiten verf\u00fcgt\nTolle medizinische Ger\u00e4te f\u00fcr die Gesundheit, die es erm\u00f6glichen, entspannt zu sein\t\t\t\t\t<\/div>\n\t\t\t\t<\/div>\n\t\t\t\t\t<\/div>\n\t\t\t\t\t\t\t\t<\/div>\n\t\t\t\t\t\t\t\t\t\t\t<div class=\"swiper-slide\" role=\"group\" aria-roledescription=\"slide\">\n\t\t\t\t\t\t\t\t\t<div class=\"elementor-testimonial elementor-repeater-item-90f1a92\">\n\t\t\t\t\t\t\t<div class=\"elementor-testimonial__header\">\n\t\t\t\t\t\t\t\t\t\t<cite class=\"elementor-testimonial__cite\"><span class=\"elementor-testimonial__name\">Philippe Fioretti<\/span><div class=\"elementor-star-rating\"><i class=\"elementor-star-full\">&#9733;<\/i><i class=\"elementor-star-full\">&#9733;<\/i><i class=\"elementor-star-full\">&#9733;<\/i><i class=\"elementor-star-full\">&#9733;<\/i><i class=\"elementor-star-full\">&#9733;<\/i><\/div><\/cite>\t\t\t\t\t<div class=\"elementor-testimonial__icon elementor-icon elementor-icon-\" aria-label=\"Weiterlesen\"><svg xmlns=\"http:\/\/www.w3.org\/2000\/svg\" id=\"Ebene_2\" data-name=\"Ebene 2\" viewBox=\"0 0 100 100\"><defs><style>      .cls-1 {        fill: #f9bb17;      }      .cls-1, .cls-2, .cls-3, .cls-4 {        stroke-width: 0px;      }      .cls-2 {        fill: #527dbf;      }      .cls-3 {        fill: #31a951;      }      .cls-4 {        fill: #ea4435;      }    <\/style><\/defs><g id=\"Layer_1\" data-name=\"Layer 1\"><g><path class=\"cls-2\" d=\"m99.19,41.03h-48.87v18.27h29.01c-2.01,6.32-6,11.76-11.25,15.59l14.11,13.35c8.63-7.28,14.77-17.42,16.94-28.94.58-3.01.87-6.12.87-9.29s-.28-6.06-.81-8.97Z\"><\/path><path class=\"cls-3\" d=\"m68.08,74.88c-5.08,3.7-11.33,5.88-18.08,5.88-13.14,0-24.38-8.28-28.78-19.88l-15.22,12.85c8.47,15.63,25.01,26.26,44,26.26,12.25,0,23.49-4.43,32.19-11.77l-14.11-13.35Z\"><\/path><path class=\"cls-1\" d=\"m21.3,38.89l-15.73-11.8c-3.56,6.87-5.57,14.66-5.57,22.91s2.17,16.67,6,23.74l15.22-12.85c-1.28-3.38-1.99-7.05-1.99-10.88s.74-7.66,2.07-11.11Z\"><\/path><path class=\"cls-4\" d=\"m50,0C30.68,0,13.88,11.01,5.57,27.09l15.73,11.8c4.47-11.49,15.65-19.66,28.7-19.66,7.83,0,14.99,2.94,20.43,7.78l13.6-13.6C75.1,5.09,63.13,0,50,0Z\"><\/path><\/g><\/g><\/svg><\/div>\t\t\t\t<\/div>\n\t\t\t\t\t\t\t\t\t\t<div class=\"elementor-testimonial__content\">\n\t\t\t\t\t<div class=\"elementor-testimonial__text\">\n\t\t\t\t\t\tAs French manufacturer we collaborate with this company for several years and they are very professional. We are often exhibitors in the same medical fairs like MEDICA in Dusseldorf or ARAB HEALTH in Dubai.\t\t\t\t\t<\/div>\n\t\t\t\t<\/div>\n\t\t\t\t\t<\/div>\n\t\t\t\t\t\t\t\t<\/div>\n\t\t\t\t\t\t\t\t\t\t\t<div class=\"swiper-slide\" role=\"group\" aria-roledescription=\"slide\">\n\t\t\t\t\t\t\t\t\t<div class=\"elementor-testimonial elementor-repeater-item-f63b315\">\n\t\t\t\t\t\t\t<div class=\"elementor-testimonial__header\">\n\t\t\t\t\t\t\t\t\t\t<cite class=\"elementor-testimonial__cite\"><span class=\"elementor-testimonial__name\">Roy Silitonga<\/span><div class=\"elementor-star-rating\"><i class=\"elementor-star-full\">&#9733;<\/i><i class=\"elementor-star-full\">&#9733;<\/i><i class=\"elementor-star-full\">&#9733;<\/i><i class=\"elementor-star-full\">&#9733;<\/i><i class=\"elementor-star-full\">&#9733;<\/i><\/div><\/cite>\t\t\t\t\t<div class=\"elementor-testimonial__icon elementor-icon elementor-icon-\" aria-label=\"Weiterlesen\"><svg xmlns=\"http:\/\/www.w3.org\/2000\/svg\" id=\"Ebene_2\" data-name=\"Ebene 2\" viewBox=\"0 0 100 100\"><defs><style>      .cls-1 {        fill: #f9bb17;      }      .cls-1, .cls-2, .cls-3, .cls-4 {        stroke-width: 0px;      }      .cls-2 {        fill: #527dbf;      }      .cls-3 {        fill: #31a951;      }      .cls-4 {        fill: #ea4435;      }    <\/style><\/defs><g id=\"Layer_1\" data-name=\"Layer 1\"><g><path class=\"cls-2\" d=\"m99.19,41.03h-48.87v18.27h29.01c-2.01,6.32-6,11.76-11.25,15.59l14.11,13.35c8.63-7.28,14.77-17.42,16.94-28.94.58-3.01.87-6.12.87-9.29s-.28-6.06-.81-8.97Z\"><\/path><path class=\"cls-3\" d=\"m68.08,74.88c-5.08,3.7-11.33,5.88-18.08,5.88-13.14,0-24.38-8.28-28.78-19.88l-15.22,12.85c8.47,15.63,25.01,26.26,44,26.26,12.25,0,23.49-4.43,32.19-11.77l-14.11-13.35Z\"><\/path><path class=\"cls-1\" d=\"m21.3,38.89l-15.73-11.8c-3.56,6.87-5.57,14.66-5.57,22.91s2.17,16.67,6,23.74l15.22-12.85c-1.28-3.38-1.99-7.05-1.99-10.88s.74-7.66,2.07-11.11Z\"><\/path><path class=\"cls-4\" d=\"m50,0C30.68,0,13.88,11.01,5.57,27.09l15.73,11.8c4.47-11.49,15.65-19.66,28.7-19.66,7.83,0,14.99,2.94,20.43,7.78l13.6-13.6C75.1,5.09,63.13,0,50,0Z\"><\/path><\/g><\/g><\/svg><\/div>\t\t\t\t<\/div>\n\t\t\t\t\t\t\t\t\t\t<div class=\"elementor-testimonial__content\">\n\t\t\t\t\t<div class=\"elementor-testimonial__text\">\n\t\t\t\t\t\tInspital ist seit vielen Jahren und dar\u00fcber hinaus Lieferant unserer chirurgischen Produkte. Die Erfahrung mit den Produkten und Dienstleistungen von Inspital ist die beste.\t\t\t\t\t<\/div>\n\t\t\t\t<\/div>\n\t\t\t\t\t<\/div>\n\t\t\t\t\t\t\t\t<\/div>\n\t\t\t\t\t\t\t\t\t<\/div>\n\t\t\t\t\t\t\t\t\t\t\t\t\t\t\t\t\t\t\t\t\t<\/div>\n\t\t\t\t<\/div>\n\t\t\t\t\t\t\t\t<\/div>\n\t\t\t\t<\/div>\n\t\t\t\t<\/div>\n\t\t\t\t<\/div>\n\t\t","protected":false},"excerpt":{"rendered":"<p>Kunden-Kommentare Startseite Ben\u00f6tigen Sie Hilfe? Mehr Erfahren Dinuru Hulangamuwa&#9733;&#9733;&#9733;&#9733;&#9733; We have been working with Inspital for the last 2 years<\/p>\n","protected":false},"author":1,"featured_media":0,"parent":0,"menu_order":0,"comment_status":"closed","ping_status":"closed","template":"","meta":{"_acf_changed":false,"footnotes":""},"class_list":["post-2396","page","type-page","status-publish","hentry"],"acf":[],"_links":{"self":[{"href":"https:\/\/inspital.com\/de\/wp-json\/wp\/v2\/pages\/2396","targetHints":{"allow":["GET"]}}],"collection":[{"href":"https:\/\/inspital.com\/de\/wp-json\/wp\/v2\/pages"}],"about":[{"href":"https:\/\/inspital.com\/de\/wp-json\/wp\/v2\/types\/page"}],"author":[{"embeddable":true,"href":"https:\/\/inspital.com\/de\/wp-json\/wp\/v2\/users\/1"}],"replies":[{"embeddable":true,"href":"https:\/\/inspital.com\/de\/wp-json\/wp\/v2\/comments?post=2396"}],"version-history":[{"count":3,"href":"https:\/\/inspital.com\/de\/wp-json\/wp\/v2\/pages\/2396\/revisions"}],"predecessor-version":[{"id":13061,"href":"https:\/\/inspital.com\/de\/wp-json\/wp\/v2\/pages\/2396\/revisions\/13061"}],"wp:attachment":[{"href":"https:\/\/inspital.com\/de\/wp-json\/wp\/v2\/media?parent=2396"}],"curies":[{"name":"wp","href":"https:\/\/api.w.org\/{rel}","templated":true}]}}