{"id":13092,"date":"2025-07-21T16:48:41","date_gmt":"2025-07-21T13:48:41","guid":{"rendered":"https:\/\/inspital.com\/?page_id=13092"},"modified":"2025-07-21T16:55:37","modified_gmt":"2025-07-21T13:55:37","slug":"vielen-dank","status":"publish","type":"page","link":"https:\/\/inspital.com\/de\/vielen-dank\/","title":{"rendered":"Vielen Dank"},"content":{"rendered":"\t\t<div data-elementor-type=\"wp-page\" data-elementor-id=\"13092\" class=\"elementor elementor-13092\" data-elementor-post-type=\"page\">\n\t\t\t\t<div class=\"elementor-element elementor-element-1909957 e-flex e-con-boxed e-con e-parent\" data-id=\"1909957\" data-element_type=\"container\" data-e-type=\"container\">\n\t\t\t\t\t<div class=\"e-con-inner\">\n\t\t\t\t<div class=\"elementor-element elementor-element-cbae5fa elementor-widget elementor-widget-image\" data-id=\"cbae5fa\" data-element_type=\"widget\" data-e-type=\"widget\" data-widget_type=\"image.default\">\n\t\t\t\t<div class=\"elementor-widget-container\">\n\t\t\t\t\t\t\t\t\t\t\t\t\t\t\t<img loading=\"lazy\" decoding=\"async\" width=\"892\" height=\"1024\" src=\"https:\/\/inspital.com\/wp-content\/uploads\/2025\/07\/confetti-icon-892x1024-1.png\" class=\"attachment-large size-large wp-image-13094\" alt=\"\" srcset=\"https:\/\/inspital.com\/wp-content\/uploads\/2025\/07\/confetti-icon-892x1024-1.png 892w, https:\/\/inspital.com\/wp-content\/uploads\/2025\/07\/confetti-icon-892x1024-1-261x300.png 261w, https:\/\/inspital.com\/wp-content\/uploads\/2025\/07\/confetti-icon-892x1024-1-768x882.png 768w, https:\/\/inspital.com\/wp-content\/uploads\/2025\/07\/confetti-icon-892x1024-1-150x172.png 150w\" sizes=\"auto, (max-width: 892px) 100vw, 892px\" \/>\t\t\t\t\t\t\t\t\t\t\t\t\t\t\t<\/div>\n\t\t\t\t<\/div>\n\t\t\t\t<div class=\"elementor-element elementor-element-f3d5ed7 elementor-widget elementor-widget-heading\" data-id=\"f3d5ed7\" data-element_type=\"widget\" data-e-type=\"widget\" data-widget_type=\"heading.default\">\n\t\t\t\t<div class=\"elementor-widget-container\">\n\t\t\t\t\t<h1 class=\"elementor-heading-title elementor-size-default\">Ihre Anfrage wurde erfolgreich gesendet\n<\/h1>\t\t\t\t<\/div>\n\t\t\t\t<\/div>\n\t\t\t\t<div class=\"elementor-element elementor-element-b3a82d1 color-scheme-inherit text-left elementor-widget elementor-widget-text-editor\" data-id=\"b3a82d1\" data-element_type=\"widget\" data-e-type=\"widget\" data-widget_type=\"text-editor.default\">\n\t\t\t\t<div class=\"elementor-widget-container\">\n\t\t\t\t\t\t\t\t\t<p>Vielen Dank f\u00fcr Ihr Interesse an Inspital. Unser Team wird Sie in K\u00fcrze kontaktieren, um die n\u00e4chsten Schritte pers\u00f6nlich mit Ihnen zu besprechen. Bitte stellen Sie sicher, dass Sie telefonisch oder per E-Mail erreichbar sind.<\/p>\t\t\t\t\t\t\t\t<\/div>\n\t\t\t\t<\/div>\n\t\t\t\t<div class=\"elementor-element elementor-element-7bcae26 elementor-align-center elementor-widget elementor-widget-button\" data-id=\"7bcae26\" data-element_type=\"widget\" data-e-type=\"widget\" data-widget_type=\"button.default\">\n\t\t\t\t<div class=\"elementor-widget-container\">\n\t\t\t\t\t\t\t\t\t<div class=\"elementor-button-wrapper\">\n\t\t\t\t\t<a class=\"elementor-button elementor-button-link elementor-size-sm\" href=\"https:\/\/inspital.com\/de\/\">\n\t\t\t\t\t\t<span class=\"elementor-button-content-wrapper\">\n\t\t\t\t\t\t\t\t\t<span class=\"elementor-button-text\">Zur\u00fcck zur Startseite<\/span>\n\t\t\t\t\t<\/span>\n\t\t\t\t\t<\/a>\n\t\t\t\t<\/div>\n\t\t\t\t\t\t\t\t<\/div>\n\t\t\t\t<\/div>\n\t\t\t\t<div class=\"elementor-element elementor-element-6a8badf elementor-widget elementor-widget-image\" data-id=\"6a8badf\" data-element_type=\"widget\" data-e-type=\"widget\" data-widget_type=\"image.default\">\n\t\t\t\t<div class=\"elementor-widget-container\">\n\t\t\t\t\t\t\t\t\t\t\t\t\t\t\t<img loading=\"lazy\" decoding=\"async\" width=\"1024\" height=\"439\" src=\"https:\/\/inspital.com\/wp-content\/uploads\/2025\/07\/inspital-trainigdays-00001-1024x439.jpg\" class=\"attachment-large size-large wp-image-12977\" alt=\"\" srcset=\"https:\/\/inspital.com\/wp-content\/uploads\/2025\/07\/inspital-trainigdays-00001-1024x439.jpg 1024w, https:\/\/inspital.com\/wp-content\/uploads\/2025\/07\/inspital-trainigdays-00001-300x129.jpg 300w, https:\/\/inspital.com\/wp-content\/uploads\/2025\/07\/inspital-trainigdays-00001-768x329.jpg 768w, https:\/\/inspital.com\/wp-content\/uploads\/2025\/07\/inspital-trainigdays-00001-1536x658.jpg 1536w, https:\/\/inspital.com\/wp-content\/uploads\/2025\/07\/inspital-trainigdays-00001-1200x514.jpg 1200w, https:\/\/inspital.com\/wp-content\/uploads\/2025\/07\/inspital-trainigdays-00001-150x64.jpg 150w, https:\/\/inspital.com\/wp-content\/uploads\/2025\/07\/inspital-trainigdays-00001.jpg 1540w\" sizes=\"auto, (max-width: 1024px) 100vw, 1024px\" \/>\t\t\t\t\t\t\t\t\t\t\t\t\t\t\t<\/div>\n\t\t\t\t<\/div>\n\t\t\t\t\t<\/div>\n\t\t\t\t<\/div>\n\t\t\t\t<\/div>\n\t\t","protected":false},"excerpt":{"rendered":"<p>Ihre Anfrage wurde erfolgreich gesendet Vielen Dank f\u00fcr Ihr Interesse an Inspital. Unser Team wird Sie in K\u00fcrze kontaktieren, um<\/p>\n","protected":false},"author":1,"featured_media":0,"parent":0,"menu_order":0,"comment_status":"closed","ping_status":"closed","template":"","meta":{"_acf_changed":false,"footnotes":""},"class_list":["post-13092","page","type-page","status-publish","hentry"],"acf":[],"_links":{"self":[{"href":"https:\/\/inspital.com\/de\/wp-json\/wp\/v2\/pages\/13092","targetHints":{"allow":["GET"]}}],"collection":[{"href":"https:\/\/inspital.com\/de\/wp-json\/wp\/v2\/pages"}],"about":[{"href":"https:\/\/inspital.com\/de\/wp-json\/wp\/v2\/types\/page"}],"author":[{"embeddable":true,"href":"https:\/\/inspital.com\/de\/wp-json\/wp\/v2\/users\/1"}],"replies":[{"embeddable":true,"href":"https:\/\/inspital.com\/de\/wp-json\/wp\/v2\/comments?post=13092"}],"version-history":[{"count":5,"href":"https:\/\/inspital.com\/de\/wp-json\/wp\/v2\/pages\/13092\/revisions"}],"predecessor-version":[{"id":13099,"href":"https:\/\/inspital.com\/de\/wp-json\/wp\/v2\/pages\/13092\/revisions\/13099"}],"wp:attachment":[{"href":"https:\/\/inspital.com\/de\/wp-json\/wp\/v2\/media?parent=13092"}],"curies":[{"name":"wp","href":"https:\/\/api.w.org\/{rel}","templated":true}]}}